{"id":90,"date":"2025-08-12T08:20:33","date_gmt":"2025-08-12T08:20:33","guid":{"rendered":"https:\/\/cadellarteboutique.ms2.decms.eu\/?page_id=90"},"modified":"2025-08-12T13:18:09","modified_gmt":"2025-08-12T13:18:09","slug":"ou-nous-sommes","status":"publish","type":"page","link":"https:\/\/www.cadellarteboutique.com\/fr\/ou-nous-sommes\/","title":{"rendered":"O\u00f9 nous sommes"},"content":{"rendered":"<p style=\"text-align: center;\">San Marco 5303 &#8211; Calle de l&rsquo;Aquila Nera<br \/>\n30124 Venise \u2013 Italie<\/p>\n<p>Notre emplacement est tr\u00e8s central, \u00e0 proximit\u00e9 de toutes les principales attractions de la ville telles que le pont du Rialto, le march\u00e9 du Rialto, la place Saint-Marc, le Grand Canal, la zone commer\u00e7ante, la maison de Marco Polo.<\/p>\n<p>&nbsp;<\/p>\n<p>Toutes les informations n\u00e9cessaires pour planifier votre s\u00e9jour \u00e0 Venise &#8211; transports, parkings, expositions, \u00e9v\u00e9nements &#8211; sont disponibles sur le site : <a href=\"https:\/\/www.live-venice.it\/fr\/\" target=\"_blank\" rel=\"noopener\">www.live-venice.it<\/a><\/p>\n","protected":false},"excerpt":{"rendered":"<p>San Marco 5303 &#8211; Calle de l&rsquo;Aquila Nera 30124 Venise \u2013 Italie Notre emplacement est tr\u00e8s central, \u00e0 proximit\u00e9 de toutes les principales attractions de la ville telles que le pont du Rialto, le march\u00e9 du Rialto, la place Saint-Marc, le Grand Canal, la zone commer\u00e7ante, la maison de Marco Polo. &nbsp; Toutes les informations [&hellip;]<\/p>\n","protected":false},"author":26,"featured_media":0,"parent":0,"menu_order":40,"comment_status":"closed","ping_status":"closed","template":"template-location.php","meta":{"footnotes":""},"yoast_head":"<!-- This site is optimized with the Yoast SEO plugin v22.3 - https:\/\/yoast.com\/wordpress\/plugins\/seo\/ -->\n<title>O\u00f9 nous sommes &#8226; Ca&#039; Dell&#039;Arte Boutique &#8226;<\/title>\n<meta name=\"description\" content=\"San Marco 5303 - Calle de l&#039;Aquila Nera 30124 Venise \u2013 Italie Notre emplacement est tr\u00e8s central, \u00e0 proximit\u00e9 de toutes les principales attractions de la ville telles que le pont du Rialto, le march\u00e9 du Rialto, la place Saint-Marc, le Grand Canal, la zone commer\u00e7ante, la maison de Marco Polo.  &nbsp;  Toutes les informations n\u00e9cessaires pour planifier votre s\u00e9jour \u00e0 Venise - transports, parkings, expositions, \u00e9v\u00e9nements - sont disponibles sur le site : www.live-venice.it.\" \/>\n<meta name=\"robots\" content=\"index, follow, max-snippet:-1, max-image-preview:large, max-video-preview:-1\" \/>\n<link rel=\"canonical\" href=\"https:\/\/www.cadellarteboutique.com\/fr\/ou-nous-sommes\/\" \/>\n<meta property=\"og:locale\" content=\"fr_FR\" \/>\n<meta property=\"og:type\" content=\"article\" \/>\n<meta property=\"og:title\" content=\"O\u00f9 nous sommes &#8226; Ca&#039; Dell&#039;Arte Boutique &#8226;\" \/>\n<meta property=\"og:description\" content=\"San Marco 5303 - Calle de l&#039;Aquila Nera 30124 Venise \u2013 Italie Notre emplacement est tr\u00e8s central, \u00e0 proximit\u00e9 de toutes les principales attractions de la ville telles que le pont du Rialto, le march\u00e9 du Rialto, la place Saint-Marc, le Grand Canal, la zone commer\u00e7ante, la maison de Marco Polo.  &nbsp;  Toutes les informations n\u00e9cessaires pour planifier votre s\u00e9jour \u00e0 Venise - transports, parkings, expositions, \u00e9v\u00e9nements - sont disponibles sur le site : www.live-venice.it.\" \/>\n<meta property=\"og:url\" content=\"https:\/\/www.cadellarteboutique.com\/fr\/ou-nous-sommes\/\" \/>\n<meta property=\"og:site_name\" content=\"Ca&#039; Dell&#039;Arte Boutique\" \/>\n<meta property=\"article:publisher\" content=\"https:\/\/www.facebook.com\/people\/C-dellArte-Collection\/\" \/>\n<meta property=\"article:modified_time\" content=\"2025-08-12T13:18:09+00:00\" \/>\n<meta name=\"twitter:card\" content=\"summary_large_image\" \/>\n<meta name=\"twitter:label1\" content=\"Dur\u00e9e de lecture estim\u00e9e\" \/>\n\t<meta name=\"twitter:data1\" content=\"1 minute\" \/>\n<script type=\"application\/ld+json\" class=\"yoast-schema-graph\">{\"@context\":\"https:\/\/schema.org\",\"@graph\":[{\"@type\":\"WebPage\",\"@id\":\"https:\/\/www.cadellarteboutique.com\/fr\/ou-nous-sommes\/\",\"url\":\"https:\/\/www.cadellarteboutique.com\/fr\/ou-nous-sommes\/\",\"name\":\"O\u00f9 nous sommes &#8226; Ca&#039; Dell&#039;Arte Boutique &#8226;\",\"isPartOf\":{\"@id\":\"https:\/\/www.cadellarteboutique.com\/fr\/#website\"},\"datePublished\":\"2025-08-12T08:20:33+00:00\",\"dateModified\":\"2025-08-12T13:18:09+00:00\",\"description\":\"San Marco 5303 - Calle de l'Aquila Nera 30124 Venise \u2013 Italie Notre emplacement est tr\u00e8s central, \u00e0 proximit\u00e9 de toutes les principales attractions de la ville telles que le pont du Rialto, le march\u00e9 du Rialto, la place Saint-Marc, le Grand Canal, la zone commer\u00e7ante, la maison de Marco Polo. &nbsp; Toutes les informations n\u00e9cessaires pour planifier votre s\u00e9jour \u00e0 Venise - transports, parkings, expositions, \u00e9v\u00e9nements - sont disponibles sur le site : www.live-venice.it.\",\"breadcrumb\":{\"@id\":\"https:\/\/www.cadellarteboutique.com\/fr\/ou-nous-sommes\/#breadcrumb\"},\"inLanguage\":\"fr-FR\",\"potentialAction\":[{\"@type\":\"ReadAction\",\"target\":[\"https:\/\/www.cadellarteboutique.com\/fr\/ou-nous-sommes\/\"]}]},{\"@type\":\"BreadcrumbList\",\"@id\":\"https:\/\/www.cadellarteboutique.com\/fr\/ou-nous-sommes\/#breadcrumb\",\"itemListElement\":[{\"@type\":\"ListItem\",\"position\":1,\"name\":\"Home\",\"item\":\"https:\/\/www.cadellarteboutique.com\/fr\/\"},{\"@type\":\"ListItem\",\"position\":2,\"name\":\"O\u00f9 nous sommes\"}]},{\"@type\":\"WebSite\",\"@id\":\"https:\/\/www.cadellarteboutique.com\/fr\/#website\",\"url\":\"https:\/\/www.cadellarteboutique.com\/fr\/\",\"name\":\"Ca' Dell'Arte Boutique\",\"description\":\"\",\"potentialAction\":[{\"@type\":\"SearchAction\",\"target\":{\"@type\":\"EntryPoint\",\"urlTemplate\":\"https:\/\/www.cadellarteboutique.com\/fr\/?s={search_term_string}\"},\"query-input\":\"required name=search_term_string\"}],\"inLanguage\":\"fr-FR\"}]}<\/script>\n<!-- \/ Yoast SEO plugin. -->","yoast_head_json":{"title":"O\u00f9 nous sommes &#8226; Ca&#039; Dell&#039;Arte Boutique &#8226;","description":"San Marco 5303 - Calle de l'Aquila Nera 30124 Venise \u2013 Italie Notre emplacement est tr\u00e8s central, \u00e0 proximit\u00e9 de toutes les principales attractions de la ville telles que le pont du Rialto, le march\u00e9 du Rialto, la place Saint-Marc, le Grand Canal, la zone commer\u00e7ante, la maison de Marco Polo.  &nbsp;  Toutes les informations n\u00e9cessaires pour planifier votre s\u00e9jour \u00e0 Venise - transports, parkings, expositions, \u00e9v\u00e9nements - sont disponibles sur le site : www.live-venice.it.","robots":{"index":"index","follow":"follow","max-snippet":"max-snippet:-1","max-image-preview":"max-image-preview:large","max-video-preview":"max-video-preview:-1"},"canonical":"https:\/\/www.cadellarteboutique.com\/fr\/ou-nous-sommes\/","og_locale":"fr_FR","og_type":"article","og_title":"O\u00f9 nous sommes &#8226; Ca&#039; Dell&#039;Arte Boutique &#8226;","og_description":"San Marco 5303 - Calle de l'Aquila Nera 30124 Venise \u2013 Italie Notre emplacement est tr\u00e8s central, \u00e0 proximit\u00e9 de toutes les principales attractions de la ville telles que le pont du Rialto, le march\u00e9 du Rialto, la place Saint-Marc, le Grand Canal, la zone commer\u00e7ante, la maison de Marco Polo.  &nbsp;  Toutes les informations n\u00e9cessaires pour planifier votre s\u00e9jour \u00e0 Venise - transports, parkings, expositions, \u00e9v\u00e9nements - sont disponibles sur le site : www.live-venice.it.","og_url":"https:\/\/www.cadellarteboutique.com\/fr\/ou-nous-sommes\/","og_site_name":"Ca&#039; Dell&#039;Arte Boutique","article_publisher":"https:\/\/www.facebook.com\/people\/C-dellArte-Collection\/","article_modified_time":"2025-08-12T13:18:09+00:00","twitter_card":"summary_large_image","twitter_misc":{"Dur\u00e9e de lecture estim\u00e9e":"1 minute"},"schema":{"@context":"https:\/\/schema.org","@graph":[{"@type":"WebPage","@id":"https:\/\/www.cadellarteboutique.com\/fr\/ou-nous-sommes\/","url":"https:\/\/www.cadellarteboutique.com\/fr\/ou-nous-sommes\/","name":"O\u00f9 nous sommes &#8226; Ca&#039; Dell&#039;Arte Boutique &#8226;","isPartOf":{"@id":"https:\/\/www.cadellarteboutique.com\/fr\/#website"},"datePublished":"2025-08-12T08:20:33+00:00","dateModified":"2025-08-12T13:18:09+00:00","description":"San Marco 5303 - Calle de l'Aquila Nera 30124 Venise \u2013 Italie Notre emplacement est tr\u00e8s central, \u00e0 proximit\u00e9 de toutes les principales attractions de la ville telles que le pont du Rialto, le march\u00e9 du Rialto, la place Saint-Marc, le Grand Canal, la zone commer\u00e7ante, la maison de Marco Polo. &nbsp; Toutes les informations n\u00e9cessaires pour planifier votre s\u00e9jour \u00e0 Venise - transports, parkings, expositions, \u00e9v\u00e9nements - sont disponibles sur le site : www.live-venice.it.","breadcrumb":{"@id":"https:\/\/www.cadellarteboutique.com\/fr\/ou-nous-sommes\/#breadcrumb"},"inLanguage":"fr-FR","potentialAction":[{"@type":"ReadAction","target":["https:\/\/www.cadellarteboutique.com\/fr\/ou-nous-sommes\/"]}]},{"@type":"BreadcrumbList","@id":"https:\/\/www.cadellarteboutique.com\/fr\/ou-nous-sommes\/#breadcrumb","itemListElement":[{"@type":"ListItem","position":1,"name":"Home","item":"https:\/\/www.cadellarteboutique.com\/fr\/"},{"@type":"ListItem","position":2,"name":"O\u00f9 nous sommes"}]},{"@type":"WebSite","@id":"https:\/\/www.cadellarteboutique.com\/fr\/#website","url":"https:\/\/www.cadellarteboutique.com\/fr\/","name":"Ca' Dell'Arte Boutique","description":"","potentialAction":[{"@type":"SearchAction","target":{"@type":"EntryPoint","urlTemplate":"https:\/\/www.cadellarteboutique.com\/fr\/?s={search_term_string}"},"query-input":"required name=search_term_string"}],"inLanguage":"fr-FR"}]}},"acf":[],"_links":{"self":[{"href":"https:\/\/www.cadellarteboutique.com\/fr\/wp-json\/wp\/v2\/pages\/90"}],"collection":[{"href":"https:\/\/www.cadellarteboutique.com\/fr\/wp-json\/wp\/v2\/pages"}],"about":[{"href":"https:\/\/www.cadellarteboutique.com\/fr\/wp-json\/wp\/v2\/types\/page"}],"author":[{"embeddable":true,"href":"https:\/\/www.cadellarteboutique.com\/fr\/wp-json\/wp\/v2\/users\/26"}],"replies":[{"embeddable":true,"href":"https:\/\/www.cadellarteboutique.com\/fr\/wp-json\/wp\/v2\/comments?post=90"}],"version-history":[{"count":0,"href":"https:\/\/www.cadellarteboutique.com\/fr\/wp-json\/wp\/v2\/pages\/90\/revisions"}],"wp:attachment":[{"href":"https:\/\/www.cadellarteboutique.com\/fr\/wp-json\/wp\/v2\/media?parent=90"}],"curies":[{"name":"wp","href":"https:\/\/api.w.org\/{rel}","templated":true}]}}