{"id":167,"date":"2025-08-12T08:24:46","date_gmt":"2025-08-12T08:24:46","guid":{"rendered":"https:\/\/cadellarteboutique.ms2.decms.eu\/?page_id=167"},"modified":"2025-08-12T14:15:43","modified_gmt":"2025-08-12T14:15:43","slug":"musees","status":"publish","type":"page","link":"https:\/\/www.cadellarteboutique.com\/fr\/venise-et-ses-environs\/musees\/","title":{"rendered":"Mus\u00e9es"},"content":{"rendered":"<p><strong>Palazzo Grassi \u2013 Punta della Dogana<\/strong><br \/>\nCon\u00e7u par Giorgio Massari et achev\u00e9 entre 1748 et 1772, le Palazzo Grassi fut le dernier grand \u00e9difice construit sur le Grand Canal avant la chute de la R\u00e9publique de Venise.<br \/>\n<a href=\"http:\/\/palazzograssi.it\" target=\"_blank\" rel=\"noopener\">palazzograssi.it<\/a><\/p>\n<p><strong>Gallerie dell\u2019Accademia<\/strong><br \/>\nSitu\u00e9es dans le quartier de Dorsoduro, au pied du pont de l\u2019Accademia, les Gallerie dell\u2019Accademia occupent l\u2019ancien complexe de Santa Maria della Carit\u00e0, comprenant autrefois l\u2019\u00e9glise, le couvent des Chanoines du Latran et la Scuola Grande. Fond\u00e9es en 1817 par l\u2019Acad\u00e9mie des Beaux-Arts, elles ont partag\u00e9 les locaux jusqu\u2019en 2004.<br \/>\n<a href=\"http:\/\/gallerieaccademia.it\" target=\"_blank\" rel=\"noopener\">gallerieaccademia.it<\/a><\/p>\n<p><strong>Collection Peggy Guggenheim<\/strong><br \/>\nMarguerite \u00ab Peggy \u00bb Guggenheim, collectionneuse d\u2019art et m\u00e9c\u00e8ne am\u00e9ricaine, fille de Benjamin Guggenheim et ni\u00e8ce de Solomon R. Guggenheim, consacra sa vie \u00e0 la promotion de l\u2019art moderne. Sa collection v\u00e9nitienne est aujourd\u2019hui parmi les plus importantes au monde.<br \/>\n<a href=\"http:\/\/guggenheim-venice.it\" target=\"_blank\" rel=\"noopener\">guggenheim-venice.it<\/a><\/p>\n<p><strong>Mus\u00e9e Correr<\/strong><br \/>\nDepuis 1922, le mus\u00e9e est install\u00e9 sur la place Saint-Marc, dans l\u2019Aile Napol\u00e9onienne et une partie des Procuraties Nouvelles, pr\u00e9sentant l\u2019histoire et l\u2019art de Venise \u00e0 travers de riches collections.<br \/>\n<a href=\"http:\/\/correr.visitmuve.it\" target=\"_blank\" rel=\"noopener\">correr.visitmuve.it<\/a><\/p>\n<p><strong>Palais des Doges<\/strong><br \/>\nChef-d\u2019\u0153uvre du gothique v\u00e9nitien et symbole de la S\u00e9r\u00e9nissime, le Palais des Doges se trouve \u00e0 c\u00f4t\u00e9 de la basilique Saint-Marc, entre la Piazzetta et le quai, et fut autrefois la r\u00e9sidence du doge.<br \/>\n<a href=\"http:\/\/palazzoducale.visitmuve.it\" target=\"_blank\" rel=\"noopener\">palazzoducale.visitmuve.it<\/a><\/p>\n<p><strong>Scala Contarini del Bovolo<\/strong><br \/>\nCach\u00e9 dans les ruelles proches du Campo Manin, le Palazzo Contarini del Bovolo est un exemple raffin\u00e9 d\u2019architecture gothique tardive, c\u00e9l\u00e8bre pour son spectaculaire escalier ext\u00e9rieur en colima\u00e7on.<br \/>\n<a href=\"http:\/\/gioiellinascostidivenezia.it\" target=\"_blank\" rel=\"noopener\">gioiellinascostidivenezia.it<\/a><\/p>\n<p><strong>Teatro La Fenice<\/strong><br \/>\nC\u0153ur de l\u2019op\u00e9ra v\u00e9nitien et l\u2019un des th\u00e9\u00e2tres les plus prestigieux au monde, le Gran Teatro La Fenice est situ\u00e9 sur le Campo San Fantin, dans le quartier de San Marco, renomm\u00e9 pour son histoire et son acoustique exceptionnelle.<br \/>\n<a href=\"http:\/\/teatrolafenice.it\" target=\"_blank\" rel=\"noopener\">teatrolafenice.it<\/a><\/p>\n","protected":false},"excerpt":{"rendered":"<p>Palazzo Grassi \u2013 Punta della Dogana Con\u00e7u par Giorgio Massari et achev\u00e9 entre 1748 et 1772, le Palazzo Grassi fut le dernier grand \u00e9difice construit sur le Grand Canal avant la chute de la R\u00e9publique de Venise. palazzograssi.it Gallerie dell\u2019Accademia Situ\u00e9es dans le quartier de Dorsoduro, au pied du pont de l\u2019Accademia, les Gallerie dell\u2019Accademia [&hellip;]<\/p>\n","protected":false},"author":26,"featured_media":0,"parent":161,"menu_order":10,"comment_status":"closed","ping_status":"closed","template":"","meta":{"footnotes":""},"class_list":["post-167","page","type-page","status-publish","hentry"],"yoast_head":"<!-- This site is optimized with the Yoast SEO plugin v27.3 - https:\/\/yoast.com\/product\/yoast-seo-wordpress\/ -->\n<title>Mus\u00e9es &#8226; Ca&#039; Dell&#039;Arte Boutique &#8226;<\/title>\n<meta name=\"description\" content=\"Palazzo Grassi \u2013 Punta della Dogana Con\u00e7u par Giorgio Massari et achev\u00e9 entre 1748 et 1772, le Palazzo Grassi fut le dernier grand \u00e9difice construit sur le Grand Canal avant la chute de la R\u00e9publique de Venise. palazzograssi.it  Gallerie dell\u2019Accademia Situ\u00e9es dans le quartier de Dorsoduro, au pied du pont de l\u2019Accademia, les Gallerie dell\u2019Accademia occupent l\u2019ancien complexe de Santa Maria della Carit\u00e0, comprenant autrefois l\u2019\u00e9glise, le couvent des Chanoines du Latran et la Scuola Grande. Fond\u00e9es en 1817 par l\u2019Acad\u00e9mie des Beaux-Arts, elles ont partag\u00e9 les locaux jusqu\u2019en 2004. gallerieaccademia.it  Collection Peggy Guggenheim Marguerite \u00ab Peggy \u00bb Guggenheim, collectionneuse d\u2019art et m\u00e9c\u00e8ne am\u00e9ricaine, fille de Benjamin Guggenheim et ni\u00e8ce de Solomon R\" \/>\n<meta name=\"robots\" content=\"index, follow, max-snippet:-1, max-image-preview:large, max-video-preview:-1\" \/>\n<link rel=\"canonical\" href=\"https:\/\/www.cadellarteboutique.com\/fr\/venise-et-ses-environs\/musees\/\" \/>\n<meta property=\"og:locale\" content=\"fr_FR\" \/>\n<meta property=\"og:type\" content=\"article\" \/>\n<meta property=\"og:title\" content=\"Mus\u00e9es &#8226; Ca&#039; Dell&#039;Arte Boutique &#8226;\" \/>\n<meta property=\"og:description\" content=\"Palazzo Grassi \u2013 Punta della Dogana Con\u00e7u par Giorgio Massari et achev\u00e9 entre 1748 et 1772, le Palazzo Grassi fut le dernier grand \u00e9difice construit sur le Grand Canal avant la chute de la R\u00e9publique de Venise. palazzograssi.it  Gallerie dell\u2019Accademia Situ\u00e9es dans le quartier de Dorsoduro, au pied du pont de l\u2019Accademia, les Gallerie dell\u2019Accademia occupent l\u2019ancien complexe de Santa Maria della Carit\u00e0, comprenant autrefois l\u2019\u00e9glise, le couvent des Chanoines du Latran et la Scuola Grande. Fond\u00e9es en 1817 par l\u2019Acad\u00e9mie des Beaux-Arts, elles ont partag\u00e9 les locaux jusqu\u2019en 2004. gallerieaccademia.it  Collection Peggy Guggenheim Marguerite \u00ab Peggy \u00bb Guggenheim, collectionneuse d\u2019art et m\u00e9c\u00e8ne am\u00e9ricaine, fille de Benjamin Guggenheim et ni\u00e8ce de Solomon R\" \/>\n<meta property=\"og:url\" content=\"https:\/\/www.cadellarteboutique.com\/fr\/venise-et-ses-environs\/musees\/\" \/>\n<meta property=\"og:site_name\" content=\"Ca&#039; Dell&#039;Arte Boutique\" \/>\n<meta property=\"article:publisher\" content=\"https:\/\/www.facebook.com\/people\/C-dellArte-Collection\/\" \/>\n<meta property=\"article:modified_time\" content=\"2025-08-12T14:15:43+00:00\" \/>\n<meta name=\"twitter:card\" content=\"summary_large_image\" \/>\n<meta name=\"twitter:label1\" content=\"Dur\u00e9e de lecture estim\u00e9e\" \/>\n\t<meta name=\"twitter:data1\" content=\"2 minutes\" \/>\n<script type=\"application\/ld+json\" class=\"yoast-schema-graph\">{\"@context\":\"https:\\\/\\\/schema.org\",\"@graph\":[{\"@type\":\"WebPage\",\"@id\":\"https:\\\/\\\/www.cadellarteboutique.com\\\/fr\\\/venise-et-ses-environs\\\/musees\\\/\",\"url\":\"https:\\\/\\\/www.cadellarteboutique.com\\\/fr\\\/venise-et-ses-environs\\\/musees\\\/\",\"name\":\"Mus\u00e9es &#8226; Ca&#039; Dell&#039;Arte Boutique &#8226;\",\"isPartOf\":{\"@id\":\"https:\\\/\\\/www.cadellarteboutique.com\\\/fr\\\/#website\"},\"datePublished\":\"2025-08-12T08:24:46+00:00\",\"dateModified\":\"2025-08-12T14:15:43+00:00\",\"description\":\"Palazzo Grassi \u2013 Punta della Dogana Con\u00e7u par Giorgio Massari et achev\u00e9 entre 1748 et 1772, le Palazzo Grassi fut le dernier grand \u00e9difice construit sur le Grand Canal avant la chute de la R\u00e9publique de Venise. palazzograssi.it Gallerie dell\u2019Accademia Situ\u00e9es dans le quartier de Dorsoduro, au pied du pont de l\u2019Accademia, les Gallerie dell\u2019Accademia occupent l\u2019ancien complexe de Santa Maria della Carit\u00e0, comprenant autrefois l\u2019\u00e9glise, le couvent des Chanoines du Latran et la Scuola Grande. Fond\u00e9es en 1817 par l\u2019Acad\u00e9mie des Beaux-Arts, elles ont partag\u00e9 les locaux jusqu\u2019en 2004. gallerieaccademia.it Collection Peggy Guggenheim Marguerite \u00ab Peggy \u00bb Guggenheim, collectionneuse d\u2019art et m\u00e9c\u00e8ne am\u00e9ricaine, fille de Benjamin Guggenheim et ni\u00e8ce de Solomon R\",\"breadcrumb\":{\"@id\":\"https:\\\/\\\/www.cadellarteboutique.com\\\/fr\\\/venise-et-ses-environs\\\/musees\\\/#breadcrumb\"},\"inLanguage\":\"fr-FR\",\"potentialAction\":[{\"@type\":\"ReadAction\",\"target\":[\"https:\\\/\\\/www.cadellarteboutique.com\\\/fr\\\/venise-et-ses-environs\\\/musees\\\/\"]}]},{\"@type\":\"BreadcrumbList\",\"@id\":\"https:\\\/\\\/www.cadellarteboutique.com\\\/fr\\\/venise-et-ses-environs\\\/musees\\\/#breadcrumb\",\"itemListElement\":[{\"@type\":\"ListItem\",\"position\":1,\"name\":\"Home\",\"item\":\"https:\\\/\\\/www.cadellarteboutique.com\\\/fr\\\/\"},{\"@type\":\"ListItem\",\"position\":2,\"name\":\"Venise et ses environs\",\"item\":\"https:\\\/\\\/www.cadellarteboutique.com\\\/fr\\\/venezia-e-dintorni\\\/\"},{\"@type\":\"ListItem\",\"position\":3,\"name\":\"Mus\u00e9es\"}]},{\"@type\":\"WebSite\",\"@id\":\"https:\\\/\\\/www.cadellarteboutique.com\\\/fr\\\/#website\",\"url\":\"https:\\\/\\\/www.cadellarteboutique.com\\\/fr\\\/\",\"name\":\"Ca' Dell'Arte Boutique\",\"description\":\"\",\"potentialAction\":[{\"@type\":\"SearchAction\",\"target\":{\"@type\":\"EntryPoint\",\"urlTemplate\":\"https:\\\/\\\/www.cadellarteboutique.com\\\/fr\\\/?s={search_term_string}\"},\"query-input\":{\"@type\":\"PropertyValueSpecification\",\"valueRequired\":true,\"valueName\":\"search_term_string\"}}],\"inLanguage\":\"fr-FR\"}]}<\/script>\n<!-- \/ Yoast SEO plugin. -->","yoast_head_json":{"title":"Mus\u00e9es &#8226; Ca&#039; Dell&#039;Arte Boutique &#8226;","description":"Palazzo Grassi \u2013 Punta della Dogana Con\u00e7u par Giorgio Massari et achev\u00e9 entre 1748 et 1772, le Palazzo Grassi fut le dernier grand \u00e9difice construit sur le Grand Canal avant la chute de la R\u00e9publique de Venise. palazzograssi.it  Gallerie dell\u2019Accademia Situ\u00e9es dans le quartier de Dorsoduro, au pied du pont de l\u2019Accademia, les Gallerie dell\u2019Accademia occupent l\u2019ancien complexe de Santa Maria della Carit\u00e0, comprenant autrefois l\u2019\u00e9glise, le couvent des Chanoines du Latran et la Scuola Grande. Fond\u00e9es en 1817 par l\u2019Acad\u00e9mie des Beaux-Arts, elles ont partag\u00e9 les locaux jusqu\u2019en 2004. gallerieaccademia.it  Collection Peggy Guggenheim Marguerite \u00ab Peggy \u00bb Guggenheim, collectionneuse d\u2019art et m\u00e9c\u00e8ne am\u00e9ricaine, fille de Benjamin Guggenheim et ni\u00e8ce de Solomon R","robots":{"index":"index","follow":"follow","max-snippet":"max-snippet:-1","max-image-preview":"max-image-preview:large","max-video-preview":"max-video-preview:-1"},"canonical":"https:\/\/www.cadellarteboutique.com\/fr\/venise-et-ses-environs\/musees\/","og_locale":"fr_FR","og_type":"article","og_title":"Mus\u00e9es &#8226; Ca&#039; Dell&#039;Arte Boutique &#8226;","og_description":"Palazzo Grassi \u2013 Punta della Dogana Con\u00e7u par Giorgio Massari et achev\u00e9 entre 1748 et 1772, le Palazzo Grassi fut le dernier grand \u00e9difice construit sur le Grand Canal avant la chute de la R\u00e9publique de Venise. palazzograssi.it  Gallerie dell\u2019Accademia Situ\u00e9es dans le quartier de Dorsoduro, au pied du pont de l\u2019Accademia, les Gallerie dell\u2019Accademia occupent l\u2019ancien complexe de Santa Maria della Carit\u00e0, comprenant autrefois l\u2019\u00e9glise, le couvent des Chanoines du Latran et la Scuola Grande. Fond\u00e9es en 1817 par l\u2019Acad\u00e9mie des Beaux-Arts, elles ont partag\u00e9 les locaux jusqu\u2019en 2004. gallerieaccademia.it  Collection Peggy Guggenheim Marguerite \u00ab Peggy \u00bb Guggenheim, collectionneuse d\u2019art et m\u00e9c\u00e8ne am\u00e9ricaine, fille de Benjamin Guggenheim et ni\u00e8ce de Solomon R","og_url":"https:\/\/www.cadellarteboutique.com\/fr\/venise-et-ses-environs\/musees\/","og_site_name":"Ca&#039; Dell&#039;Arte Boutique","article_publisher":"https:\/\/www.facebook.com\/people\/C-dellArte-Collection\/","article_modified_time":"2025-08-12T14:15:43+00:00","twitter_card":"summary_large_image","twitter_misc":{"Dur\u00e9e de lecture estim\u00e9e":"2 minutes"},"schema":{"@context":"https:\/\/schema.org","@graph":[{"@type":"WebPage","@id":"https:\/\/www.cadellarteboutique.com\/fr\/venise-et-ses-environs\/musees\/","url":"https:\/\/www.cadellarteboutique.com\/fr\/venise-et-ses-environs\/musees\/","name":"Mus\u00e9es &#8226; Ca&#039; Dell&#039;Arte Boutique &#8226;","isPartOf":{"@id":"https:\/\/www.cadellarteboutique.com\/fr\/#website"},"datePublished":"2025-08-12T08:24:46+00:00","dateModified":"2025-08-12T14:15:43+00:00","description":"Palazzo Grassi \u2013 Punta della Dogana Con\u00e7u par Giorgio Massari et achev\u00e9 entre 1748 et 1772, le Palazzo Grassi fut le dernier grand \u00e9difice construit sur le Grand Canal avant la chute de la R\u00e9publique de Venise. palazzograssi.it Gallerie dell\u2019Accademia Situ\u00e9es dans le quartier de Dorsoduro, au pied du pont de l\u2019Accademia, les Gallerie dell\u2019Accademia occupent l\u2019ancien complexe de Santa Maria della Carit\u00e0, comprenant autrefois l\u2019\u00e9glise, le couvent des Chanoines du Latran et la Scuola Grande. Fond\u00e9es en 1817 par l\u2019Acad\u00e9mie des Beaux-Arts, elles ont partag\u00e9 les locaux jusqu\u2019en 2004. gallerieaccademia.it Collection Peggy Guggenheim Marguerite \u00ab Peggy \u00bb Guggenheim, collectionneuse d\u2019art et m\u00e9c\u00e8ne am\u00e9ricaine, fille de Benjamin Guggenheim et ni\u00e8ce de Solomon R","breadcrumb":{"@id":"https:\/\/www.cadellarteboutique.com\/fr\/venise-et-ses-environs\/musees\/#breadcrumb"},"inLanguage":"fr-FR","potentialAction":[{"@type":"ReadAction","target":["https:\/\/www.cadellarteboutique.com\/fr\/venise-et-ses-environs\/musees\/"]}]},{"@type":"BreadcrumbList","@id":"https:\/\/www.cadellarteboutique.com\/fr\/venise-et-ses-environs\/musees\/#breadcrumb","itemListElement":[{"@type":"ListItem","position":1,"name":"Home","item":"https:\/\/www.cadellarteboutique.com\/fr\/"},{"@type":"ListItem","position":2,"name":"Venise et ses environs","item":"https:\/\/www.cadellarteboutique.com\/fr\/venezia-e-dintorni\/"},{"@type":"ListItem","position":3,"name":"Mus\u00e9es"}]},{"@type":"WebSite","@id":"https:\/\/www.cadellarteboutique.com\/fr\/#website","url":"https:\/\/www.cadellarteboutique.com\/fr\/","name":"Ca' Dell'Arte Boutique","description":"","potentialAction":[{"@type":"SearchAction","target":{"@type":"EntryPoint","urlTemplate":"https:\/\/www.cadellarteboutique.com\/fr\/?s={search_term_string}"},"query-input":{"@type":"PropertyValueSpecification","valueRequired":true,"valueName":"search_term_string"}}],"inLanguage":"fr-FR"}]}},"acf":[],"_links":{"self":[{"href":"https:\/\/www.cadellarteboutique.com\/fr\/wp-json\/wp\/v2\/pages\/167","targetHints":{"allow":["GET"]}}],"collection":[{"href":"https:\/\/www.cadellarteboutique.com\/fr\/wp-json\/wp\/v2\/pages"}],"about":[{"href":"https:\/\/www.cadellarteboutique.com\/fr\/wp-json\/wp\/v2\/types\/page"}],"author":[{"embeddable":true,"href":"https:\/\/www.cadellarteboutique.com\/fr\/wp-json\/wp\/v2\/users\/26"}],"replies":[{"embeddable":true,"href":"https:\/\/www.cadellarteboutique.com\/fr\/wp-json\/wp\/v2\/comments?post=167"}],"version-history":[{"count":0,"href":"https:\/\/www.cadellarteboutique.com\/fr\/wp-json\/wp\/v2\/pages\/167\/revisions"}],"up":[{"embeddable":true,"href":"https:\/\/www.cadellarteboutique.com\/fr\/wp-json\/wp\/v2\/pages\/161"}],"wp:attachment":[{"href":"https:\/\/www.cadellarteboutique.com\/fr\/wp-json\/wp\/v2\/media?parent=167"}],"curies":[{"name":"wp","href":"https:\/\/api.w.org\/{rel}","templated":true}]}}