{"id":127,"date":"2025-08-12T08:20:10","date_gmt":"2025-08-12T08:20:10","guid":{"rendered":"https:\/\/cadellarteboutique.ms2.decms.eu\/?page_id=127"},"modified":"2025-08-12T13:44:23","modified_gmt":"2025-08-12T13:44:23","slug":"services","status":"publish","type":"page","link":"https:\/\/www.cadellarteboutique.com\/fr\/services\/","title":{"rendered":"Services"},"content":{"rendered":"<p><strong>Taxi priv\u00e9<\/strong><br \/>\nNous mettons \u00e0 la disposition de nos clients un bateau-taxi priv\u00e9 avec prise en charge \u00e0 l&rsquo;a\u00e9roport Marco Polo, \u00e0 la gare ferroviaire de S. Lucia, \u00e0 la Piazzale Roma et au port.<br \/>\nVeuillez nous contacter pour obtenir des informations sur les tarifs !<\/p>\n<p><strong>Excursions en bateau<\/strong><br \/>\nNous organisons tous les jours au coucher du soleil, en priv\u00e9 ou avec des petits groupes de 8\/9 personnes, des excursions en taxi qui vous donnent l&rsquo;occasion d&rsquo;admirer la beaut\u00e9 de la ville d&rsquo;une mani\u00e8re relaxante et exclusive<\/p>\n<p><strong>Guides touristiques<\/strong><br \/>\nNous pouvons organiser des visites guid\u00e9es, \u00e0 pied pour d\u00e9couvrir les endroits cach\u00e9s de la ville ou les principaux mus\u00e9es, avec des guides locaux form\u00e9s et amoureux de leur ville. En outre, des visites du Bacaro et des excursions guid\u00e9es sur l&rsquo;\u00eele de Murano sont toujours disponibles sur demande.<\/p>\n<p><strong>Services suppl\u00e9mentaires<\/strong><br \/>\nPour les occasions sp\u00e9ciales (anniversaires, lunes de miel), l&rsquo;h\u00f4tel peut organiser toute une s\u00e9rie de services suppl\u00e9mentaires pour rendre votre s\u00e9jour encore plus sp\u00e9cial.<\/p>\n","protected":false},"excerpt":{"rendered":"<p>Taxi priv\u00e9 Nous mettons \u00e0 la disposition de nos clients un bateau-taxi priv\u00e9 avec prise en charge \u00e0 l&rsquo;a\u00e9roport Marco Polo, \u00e0 la gare ferroviaire de S. Lucia, \u00e0 la Piazzale Roma et au port. Veuillez nous contacter pour obtenir des informations sur les tarifs ! Excursions en bateau Nous organisons tous les jours au [&hellip;]<\/p>\n","protected":false},"author":26,"featured_media":0,"parent":0,"menu_order":30,"comment_status":"closed","ping_status":"closed","template":"template-services.php","meta":{"footnotes":""},"class_list":["post-127","page","type-page","status-publish","hentry"],"yoast_head":"<!-- This site is optimized with the Yoast SEO plugin v27.3 - https:\/\/yoast.com\/product\/yoast-seo-wordpress\/ -->\n<title>Services &#8226; Ca&#039; Dell&#039;Arte Boutique &#8226;<\/title>\n<meta name=\"description\" content=\"Taxi priv\u00e9 Nous mettons \u00e0 la disposition de nos clients un bateau-taxi priv\u00e9 avec prise en charge \u00e0 l&#039;a\u00e9roport Marco Polo, \u00e0 la gare ferroviaire de S. Lucia, \u00e0 la Piazzale Roma et au port. Veuillez nous contacter pour obtenir des informations sur les tarifs !  Excursions en bateau Nous organisons tous les jours au coucher du soleil, en priv\u00e9 ou avec des petits groupes de 8\/9 personnes, des excursions en taxi qui vous donnent l&#039;occasion d&#039;admirer la beaut\u00e9 de la ville d&#039;une mani\u00e8re relaxante et exclusive  Guides touristiques Nous pouvons organiser des visites guid\u00e9es, \u00e0 pied pour d\u00e9couvrir les endroits cach\u00e9s de la ville ou les principaux mus\u00e9es, avec des guides locaux form\u00e9s et amoureux de leur ville\" \/>\n<meta name=\"robots\" content=\"index, follow, max-snippet:-1, max-image-preview:large, max-video-preview:-1\" \/>\n<link rel=\"canonical\" href=\"https:\/\/www.cadellarteboutique.com\/fr\/services\/\" \/>\n<meta property=\"og:locale\" content=\"fr_FR\" \/>\n<meta property=\"og:type\" content=\"article\" \/>\n<meta property=\"og:title\" content=\"Services &#8226; Ca&#039; Dell&#039;Arte Boutique &#8226;\" \/>\n<meta property=\"og:description\" content=\"Taxi priv\u00e9 Nous mettons \u00e0 la disposition de nos clients un bateau-taxi priv\u00e9 avec prise en charge \u00e0 l&#039;a\u00e9roport Marco Polo, \u00e0 la gare ferroviaire de S. Lucia, \u00e0 la Piazzale Roma et au port. Veuillez nous contacter pour obtenir des informations sur les tarifs !  Excursions en bateau Nous organisons tous les jours au coucher du soleil, en priv\u00e9 ou avec des petits groupes de 8\/9 personnes, des excursions en taxi qui vous donnent l&#039;occasion d&#039;admirer la beaut\u00e9 de la ville d&#039;une mani\u00e8re relaxante et exclusive  Guides touristiques Nous pouvons organiser des visites guid\u00e9es, \u00e0 pied pour d\u00e9couvrir les endroits cach\u00e9s de la ville ou les principaux mus\u00e9es, avec des guides locaux form\u00e9s et amoureux de leur ville\" \/>\n<meta property=\"og:url\" content=\"https:\/\/www.cadellarteboutique.com\/fr\/services\/\" \/>\n<meta property=\"og:site_name\" content=\"Ca&#039; Dell&#039;Arte Boutique\" \/>\n<meta property=\"article:publisher\" content=\"https:\/\/www.facebook.com\/people\/C-dellArte-Collection\/\" \/>\n<meta property=\"article:modified_time\" content=\"2025-08-12T13:44:23+00:00\" \/>\n<meta name=\"twitter:card\" content=\"summary_large_image\" \/>\n<meta name=\"twitter:label1\" content=\"Dur\u00e9e de lecture estim\u00e9e\" \/>\n\t<meta name=\"twitter:data1\" content=\"1 minute\" \/>\n<script type=\"application\/ld+json\" class=\"yoast-schema-graph\">{\"@context\":\"https:\\\/\\\/schema.org\",\"@graph\":[{\"@type\":\"WebPage\",\"@id\":\"https:\\\/\\\/www.cadellarteboutique.com\\\/fr\\\/services\\\/\",\"url\":\"https:\\\/\\\/www.cadellarteboutique.com\\\/fr\\\/services\\\/\",\"name\":\"Services &#8226; Ca&#039; Dell&#039;Arte Boutique &#8226;\",\"isPartOf\":{\"@id\":\"https:\\\/\\\/www.cadellarteboutique.com\\\/fr\\\/#website\"},\"datePublished\":\"2025-08-12T08:20:10+00:00\",\"dateModified\":\"2025-08-12T13:44:23+00:00\",\"description\":\"Taxi priv\u00e9 Nous mettons \u00e0 la disposition de nos clients un bateau-taxi priv\u00e9 avec prise en charge \u00e0 l'a\u00e9roport Marco Polo, \u00e0 la gare ferroviaire de S. Lucia, \u00e0 la Piazzale Roma et au port. Veuillez nous contacter pour obtenir des informations sur les tarifs ! Excursions en bateau Nous organisons tous les jours au coucher du soleil, en priv\u00e9 ou avec des petits groupes de 8\\\/9 personnes, des excursions en taxi qui vous donnent l'occasion d'admirer la beaut\u00e9 de la ville d'une mani\u00e8re relaxante et exclusive Guides touristiques Nous pouvons organiser des visites guid\u00e9es, \u00e0 pied pour d\u00e9couvrir les endroits cach\u00e9s de la ville ou les principaux mus\u00e9es, avec des guides locaux form\u00e9s et amoureux de leur ville\",\"breadcrumb\":{\"@id\":\"https:\\\/\\\/www.cadellarteboutique.com\\\/fr\\\/services\\\/#breadcrumb\"},\"inLanguage\":\"fr-FR\",\"potentialAction\":[{\"@type\":\"ReadAction\",\"target\":[\"https:\\\/\\\/www.cadellarteboutique.com\\\/fr\\\/services\\\/\"]}]},{\"@type\":\"BreadcrumbList\",\"@id\":\"https:\\\/\\\/www.cadellarteboutique.com\\\/fr\\\/services\\\/#breadcrumb\",\"itemListElement\":[{\"@type\":\"ListItem\",\"position\":1,\"name\":\"Home\",\"item\":\"https:\\\/\\\/www.cadellarteboutique.com\\\/fr\\\/\"},{\"@type\":\"ListItem\",\"position\":2,\"name\":\"Services\"}]},{\"@type\":\"WebSite\",\"@id\":\"https:\\\/\\\/www.cadellarteboutique.com\\\/fr\\\/#website\",\"url\":\"https:\\\/\\\/www.cadellarteboutique.com\\\/fr\\\/\",\"name\":\"Ca' Dell'Arte Boutique\",\"description\":\"\",\"potentialAction\":[{\"@type\":\"SearchAction\",\"target\":{\"@type\":\"EntryPoint\",\"urlTemplate\":\"https:\\\/\\\/www.cadellarteboutique.com\\\/fr\\\/?s={search_term_string}\"},\"query-input\":{\"@type\":\"PropertyValueSpecification\",\"valueRequired\":true,\"valueName\":\"search_term_string\"}}],\"inLanguage\":\"fr-FR\"}]}<\/script>\n<!-- \/ Yoast SEO plugin. -->","yoast_head_json":{"title":"Services &#8226; Ca&#039; Dell&#039;Arte Boutique &#8226;","description":"Taxi priv\u00e9 Nous mettons \u00e0 la disposition de nos clients un bateau-taxi priv\u00e9 avec prise en charge \u00e0 l'a\u00e9roport Marco Polo, \u00e0 la gare ferroviaire de S. Lucia, \u00e0 la Piazzale Roma et au port. Veuillez nous contacter pour obtenir des informations sur les tarifs !  Excursions en bateau Nous organisons tous les jours au coucher du soleil, en priv\u00e9 ou avec des petits groupes de 8\/9 personnes, des excursions en taxi qui vous donnent l'occasion d'admirer la beaut\u00e9 de la ville d'une mani\u00e8re relaxante et exclusive  Guides touristiques Nous pouvons organiser des visites guid\u00e9es, \u00e0 pied pour d\u00e9couvrir les endroits cach\u00e9s de la ville ou les principaux mus\u00e9es, avec des guides locaux form\u00e9s et amoureux de leur ville","robots":{"index":"index","follow":"follow","max-snippet":"max-snippet:-1","max-image-preview":"max-image-preview:large","max-video-preview":"max-video-preview:-1"},"canonical":"https:\/\/www.cadellarteboutique.com\/fr\/services\/","og_locale":"fr_FR","og_type":"article","og_title":"Services &#8226; Ca&#039; Dell&#039;Arte Boutique &#8226;","og_description":"Taxi priv\u00e9 Nous mettons \u00e0 la disposition de nos clients un bateau-taxi priv\u00e9 avec prise en charge \u00e0 l'a\u00e9roport Marco Polo, \u00e0 la gare ferroviaire de S. Lucia, \u00e0 la Piazzale Roma et au port. Veuillez nous contacter pour obtenir des informations sur les tarifs !  Excursions en bateau Nous organisons tous les jours au coucher du soleil, en priv\u00e9 ou avec des petits groupes de 8\/9 personnes, des excursions en taxi qui vous donnent l'occasion d'admirer la beaut\u00e9 de la ville d'une mani\u00e8re relaxante et exclusive  Guides touristiques Nous pouvons organiser des visites guid\u00e9es, \u00e0 pied pour d\u00e9couvrir les endroits cach\u00e9s de la ville ou les principaux mus\u00e9es, avec des guides locaux form\u00e9s et amoureux de leur ville","og_url":"https:\/\/www.cadellarteboutique.com\/fr\/services\/","og_site_name":"Ca&#039; Dell&#039;Arte Boutique","article_publisher":"https:\/\/www.facebook.com\/people\/C-dellArte-Collection\/","article_modified_time":"2025-08-12T13:44:23+00:00","twitter_card":"summary_large_image","twitter_misc":{"Dur\u00e9e de lecture estim\u00e9e":"1 minute"},"schema":{"@context":"https:\/\/schema.org","@graph":[{"@type":"WebPage","@id":"https:\/\/www.cadellarteboutique.com\/fr\/services\/","url":"https:\/\/www.cadellarteboutique.com\/fr\/services\/","name":"Services &#8226; Ca&#039; Dell&#039;Arte Boutique &#8226;","isPartOf":{"@id":"https:\/\/www.cadellarteboutique.com\/fr\/#website"},"datePublished":"2025-08-12T08:20:10+00:00","dateModified":"2025-08-12T13:44:23+00:00","description":"Taxi priv\u00e9 Nous mettons \u00e0 la disposition de nos clients un bateau-taxi priv\u00e9 avec prise en charge \u00e0 l'a\u00e9roport Marco Polo, \u00e0 la gare ferroviaire de S. Lucia, \u00e0 la Piazzale Roma et au port. Veuillez nous contacter pour obtenir des informations sur les tarifs ! Excursions en bateau Nous organisons tous les jours au coucher du soleil, en priv\u00e9 ou avec des petits groupes de 8\/9 personnes, des excursions en taxi qui vous donnent l'occasion d'admirer la beaut\u00e9 de la ville d'une mani\u00e8re relaxante et exclusive Guides touristiques Nous pouvons organiser des visites guid\u00e9es, \u00e0 pied pour d\u00e9couvrir les endroits cach\u00e9s de la ville ou les principaux mus\u00e9es, avec des guides locaux form\u00e9s et amoureux de leur ville","breadcrumb":{"@id":"https:\/\/www.cadellarteboutique.com\/fr\/services\/#breadcrumb"},"inLanguage":"fr-FR","potentialAction":[{"@type":"ReadAction","target":["https:\/\/www.cadellarteboutique.com\/fr\/services\/"]}]},{"@type":"BreadcrumbList","@id":"https:\/\/www.cadellarteboutique.com\/fr\/services\/#breadcrumb","itemListElement":[{"@type":"ListItem","position":1,"name":"Home","item":"https:\/\/www.cadellarteboutique.com\/fr\/"},{"@type":"ListItem","position":2,"name":"Services"}]},{"@type":"WebSite","@id":"https:\/\/www.cadellarteboutique.com\/fr\/#website","url":"https:\/\/www.cadellarteboutique.com\/fr\/","name":"Ca' Dell'Arte Boutique","description":"","potentialAction":[{"@type":"SearchAction","target":{"@type":"EntryPoint","urlTemplate":"https:\/\/www.cadellarteboutique.com\/fr\/?s={search_term_string}"},"query-input":{"@type":"PropertyValueSpecification","valueRequired":true,"valueName":"search_term_string"}}],"inLanguage":"fr-FR"}]}},"acf":[],"_links":{"self":[{"href":"https:\/\/www.cadellarteboutique.com\/fr\/wp-json\/wp\/v2\/pages\/127","targetHints":{"allow":["GET"]}}],"collection":[{"href":"https:\/\/www.cadellarteboutique.com\/fr\/wp-json\/wp\/v2\/pages"}],"about":[{"href":"https:\/\/www.cadellarteboutique.com\/fr\/wp-json\/wp\/v2\/types\/page"}],"author":[{"embeddable":true,"href":"https:\/\/www.cadellarteboutique.com\/fr\/wp-json\/wp\/v2\/users\/26"}],"replies":[{"embeddable":true,"href":"https:\/\/www.cadellarteboutique.com\/fr\/wp-json\/wp\/v2\/comments?post=127"}],"version-history":[{"count":0,"href":"https:\/\/www.cadellarteboutique.com\/fr\/wp-json\/wp\/v2\/pages\/127\/revisions"}],"wp:attachment":[{"href":"https:\/\/www.cadellarteboutique.com\/fr\/wp-json\/wp\/v2\/media?parent=127"}],"curies":[{"name":"wp","href":"https:\/\/api.w.org\/{rel}","templated":true}]}}