{"id":109,"date":"2025-08-12T08:24:18","date_gmt":"2025-08-12T08:24:18","guid":{"rendered":"https:\/\/cadellarteboutique.ms2.decms.eu\/?page_id=109"},"modified":"2025-08-12T13:46:39","modified_gmt":"2025-08-12T13:46:39","slug":"en-train","status":"publish","type":"page","link":"https:\/\/www.cadellarteboutique.com\/fr\/ou-nous-sommes\/en-train\/","title":{"rendered":"En train"},"content":{"rendered":"<p>\u00c0 votre arriv\u00e9e \u00e0 la gare Santa Lucia, prenez le bateau-bus 2 en direction de San Marco et descendez \u00e0 l&rsquo;arr\u00eat Rialto. Ca&rsquo; dell&rsquo;Arte Boutique vous attend \u00e0 200 m\u00e8tres.<\/p>\n","protected":false},"excerpt":{"rendered":"<p>\u00c0 votre arriv\u00e9e \u00e0 la gare Santa Lucia, prenez le bateau-bus 2 en direction de San Marco et descendez \u00e0 l&rsquo;arr\u00eat Rialto. Ca&rsquo; dell&rsquo;Arte Boutique vous attend \u00e0 200 m\u00e8tres.<\/p>\n","protected":false},"author":26,"featured_media":0,"parent":90,"menu_order":20,"comment_status":"closed","ping_status":"closed","template":"","meta":{"footnotes":""},"class_list":["post-109","page","type-page","status-publish","hentry"],"yoast_head":"<!-- This site is optimized with the Yoast SEO plugin v27.3 - https:\/\/yoast.com\/product\/yoast-seo-wordpress\/ -->\n<title>En train &#8226; Ca&#039; Dell&#039;Arte Boutique &#8226;<\/title>\n<meta name=\"description\" content=\"\u00c0 votre arriv\u00e9e \u00e0 la gare Santa Lucia, prenez le bateau-bus 2 en direction de San Marco et descendez \u00e0 l&#039;arr\u00eat Rialto. Ca&#039; dell&#039;Arte Boutique vous attend \u00e0 200 m\u00e8tres.\" \/>\n<meta name=\"robots\" content=\"index, follow, max-snippet:-1, max-image-preview:large, max-video-preview:-1\" \/>\n<link rel=\"canonical\" href=\"https:\/\/www.cadellarteboutique.com\/fr\/ou-nous-sommes\/en-train\/\" \/>\n<meta property=\"og:locale\" content=\"fr_FR\" \/>\n<meta property=\"og:type\" content=\"article\" \/>\n<meta property=\"og:title\" content=\"En train &#8226; Ca&#039; Dell&#039;Arte Boutique &#8226;\" \/>\n<meta property=\"og:description\" content=\"\u00c0 votre arriv\u00e9e \u00e0 la gare Santa Lucia, prenez le bateau-bus 2 en direction de San Marco et descendez \u00e0 l&#039;arr\u00eat Rialto. Ca&#039; dell&#039;Arte Boutique vous attend \u00e0 200 m\u00e8tres.\" \/>\n<meta property=\"og:url\" content=\"https:\/\/www.cadellarteboutique.com\/fr\/ou-nous-sommes\/en-train\/\" \/>\n<meta property=\"og:site_name\" content=\"Ca&#039; Dell&#039;Arte Boutique\" \/>\n<meta property=\"article:publisher\" content=\"https:\/\/www.facebook.com\/people\/C-dellArte-Collection\/\" \/>\n<meta property=\"article:modified_time\" content=\"2025-08-12T13:46:39+00:00\" \/>\n<meta name=\"twitter:card\" content=\"summary_large_image\" \/>\n<meta name=\"twitter:label1\" content=\"Dur\u00e9e de lecture estim\u00e9e\" \/>\n\t<meta name=\"twitter:data1\" content=\"1 minute\" \/>\n<script type=\"application\/ld+json\" class=\"yoast-schema-graph\">{\"@context\":\"https:\\\/\\\/schema.org\",\"@graph\":[{\"@type\":\"WebPage\",\"@id\":\"https:\\\/\\\/www.cadellarteboutique.com\\\/fr\\\/ou-nous-sommes\\\/en-train\\\/\",\"url\":\"https:\\\/\\\/www.cadellarteboutique.com\\\/fr\\\/ou-nous-sommes\\\/en-train\\\/\",\"name\":\"En train &#8226; Ca&#039; Dell&#039;Arte Boutique &#8226;\",\"isPartOf\":{\"@id\":\"https:\\\/\\\/www.cadellarteboutique.com\\\/fr\\\/#website\"},\"datePublished\":\"2025-08-12T08:24:18+00:00\",\"dateModified\":\"2025-08-12T13:46:39+00:00\",\"description\":\"\u00c0 votre arriv\u00e9e \u00e0 la gare Santa Lucia, prenez le bateau-bus 2 en direction de San Marco et descendez \u00e0 l'arr\u00eat Rialto. Ca' dell'Arte Boutique vous attend \u00e0 200 m\u00e8tres.\",\"breadcrumb\":{\"@id\":\"https:\\\/\\\/www.cadellarteboutique.com\\\/fr\\\/ou-nous-sommes\\\/en-train\\\/#breadcrumb\"},\"inLanguage\":\"fr-FR\",\"potentialAction\":[{\"@type\":\"ReadAction\",\"target\":[\"https:\\\/\\\/www.cadellarteboutique.com\\\/fr\\\/ou-nous-sommes\\\/en-train\\\/\"]}]},{\"@type\":\"BreadcrumbList\",\"@id\":\"https:\\\/\\\/www.cadellarteboutique.com\\\/fr\\\/ou-nous-sommes\\\/en-train\\\/#breadcrumb\",\"itemListElement\":[{\"@type\":\"ListItem\",\"position\":1,\"name\":\"Home\",\"item\":\"https:\\\/\\\/www.cadellarteboutique.com\\\/fr\\\/\"},{\"@type\":\"ListItem\",\"position\":2,\"name\":\"O\u00f9 nous sommes\",\"item\":\"https:\\\/\\\/www.cadellarteboutique.com\\\/fr\\\/dove-siamo\\\/\"},{\"@type\":\"ListItem\",\"position\":3,\"name\":\"En train\"}]},{\"@type\":\"WebSite\",\"@id\":\"https:\\\/\\\/www.cadellarteboutique.com\\\/fr\\\/#website\",\"url\":\"https:\\\/\\\/www.cadellarteboutique.com\\\/fr\\\/\",\"name\":\"Ca' Dell'Arte Boutique\",\"description\":\"\",\"potentialAction\":[{\"@type\":\"SearchAction\",\"target\":{\"@type\":\"EntryPoint\",\"urlTemplate\":\"https:\\\/\\\/www.cadellarteboutique.com\\\/fr\\\/?s={search_term_string}\"},\"query-input\":{\"@type\":\"PropertyValueSpecification\",\"valueRequired\":true,\"valueName\":\"search_term_string\"}}],\"inLanguage\":\"fr-FR\"}]}<\/script>\n<!-- \/ Yoast SEO plugin. -->","yoast_head_json":{"title":"En train &#8226; Ca&#039; Dell&#039;Arte Boutique &#8226;","description":"\u00c0 votre arriv\u00e9e \u00e0 la gare Santa Lucia, prenez le bateau-bus 2 en direction de San Marco et descendez \u00e0 l'arr\u00eat Rialto. Ca' dell'Arte Boutique vous attend \u00e0 200 m\u00e8tres.","robots":{"index":"index","follow":"follow","max-snippet":"max-snippet:-1","max-image-preview":"max-image-preview:large","max-video-preview":"max-video-preview:-1"},"canonical":"https:\/\/www.cadellarteboutique.com\/fr\/ou-nous-sommes\/en-train\/","og_locale":"fr_FR","og_type":"article","og_title":"En train &#8226; Ca&#039; Dell&#039;Arte Boutique &#8226;","og_description":"\u00c0 votre arriv\u00e9e \u00e0 la gare Santa Lucia, prenez le bateau-bus 2 en direction de San Marco et descendez \u00e0 l'arr\u00eat Rialto. Ca' dell'Arte Boutique vous attend \u00e0 200 m\u00e8tres.","og_url":"https:\/\/www.cadellarteboutique.com\/fr\/ou-nous-sommes\/en-train\/","og_site_name":"Ca&#039; Dell&#039;Arte Boutique","article_publisher":"https:\/\/www.facebook.com\/people\/C-dellArte-Collection\/","article_modified_time":"2025-08-12T13:46:39+00:00","twitter_card":"summary_large_image","twitter_misc":{"Dur\u00e9e de lecture estim\u00e9e":"1 minute"},"schema":{"@context":"https:\/\/schema.org","@graph":[{"@type":"WebPage","@id":"https:\/\/www.cadellarteboutique.com\/fr\/ou-nous-sommes\/en-train\/","url":"https:\/\/www.cadellarteboutique.com\/fr\/ou-nous-sommes\/en-train\/","name":"En train &#8226; Ca&#039; Dell&#039;Arte Boutique &#8226;","isPartOf":{"@id":"https:\/\/www.cadellarteboutique.com\/fr\/#website"},"datePublished":"2025-08-12T08:24:18+00:00","dateModified":"2025-08-12T13:46:39+00:00","description":"\u00c0 votre arriv\u00e9e \u00e0 la gare Santa Lucia, prenez le bateau-bus 2 en direction de San Marco et descendez \u00e0 l'arr\u00eat Rialto. Ca' dell'Arte Boutique vous attend \u00e0 200 m\u00e8tres.","breadcrumb":{"@id":"https:\/\/www.cadellarteboutique.com\/fr\/ou-nous-sommes\/en-train\/#breadcrumb"},"inLanguage":"fr-FR","potentialAction":[{"@type":"ReadAction","target":["https:\/\/www.cadellarteboutique.com\/fr\/ou-nous-sommes\/en-train\/"]}]},{"@type":"BreadcrumbList","@id":"https:\/\/www.cadellarteboutique.com\/fr\/ou-nous-sommes\/en-train\/#breadcrumb","itemListElement":[{"@type":"ListItem","position":1,"name":"Home","item":"https:\/\/www.cadellarteboutique.com\/fr\/"},{"@type":"ListItem","position":2,"name":"O\u00f9 nous sommes","item":"https:\/\/www.cadellarteboutique.com\/fr\/dove-siamo\/"},{"@type":"ListItem","position":3,"name":"En train"}]},{"@type":"WebSite","@id":"https:\/\/www.cadellarteboutique.com\/fr\/#website","url":"https:\/\/www.cadellarteboutique.com\/fr\/","name":"Ca' Dell'Arte Boutique","description":"","potentialAction":[{"@type":"SearchAction","target":{"@type":"EntryPoint","urlTemplate":"https:\/\/www.cadellarteboutique.com\/fr\/?s={search_term_string}"},"query-input":{"@type":"PropertyValueSpecification","valueRequired":true,"valueName":"search_term_string"}}],"inLanguage":"fr-FR"}]}},"acf":[],"_links":{"self":[{"href":"https:\/\/www.cadellarteboutique.com\/fr\/wp-json\/wp\/v2\/pages\/109","targetHints":{"allow":["GET"]}}],"collection":[{"href":"https:\/\/www.cadellarteboutique.com\/fr\/wp-json\/wp\/v2\/pages"}],"about":[{"href":"https:\/\/www.cadellarteboutique.com\/fr\/wp-json\/wp\/v2\/types\/page"}],"author":[{"embeddable":true,"href":"https:\/\/www.cadellarteboutique.com\/fr\/wp-json\/wp\/v2\/users\/26"}],"replies":[{"embeddable":true,"href":"https:\/\/www.cadellarteboutique.com\/fr\/wp-json\/wp\/v2\/comments?post=109"}],"version-history":[{"count":0,"href":"https:\/\/www.cadellarteboutique.com\/fr\/wp-json\/wp\/v2\/pages\/109\/revisions"}],"up":[{"embeddable":true,"href":"https:\/\/www.cadellarteboutique.com\/fr\/wp-json\/wp\/v2\/pages\/90"}],"wp:attachment":[{"href":"https:\/\/www.cadellarteboutique.com\/fr\/wp-json\/wp\/v2\/media?parent=109"}],"curies":[{"name":"wp","href":"https:\/\/api.w.org\/{rel}","templated":true}]}}