{"id":86,"date":"2025-08-12T12:42:56","date_gmt":"2025-08-12T12:42:56","guid":{"rendered":"https:\/\/cadellarteboutique.ms2.decms.eu\/?page_id=86"},"modified":"2025-08-12T12:59:15","modified_gmt":"2025-08-12T12:59:15","slug":"habitacion-doble-deluxe","status":"publish","type":"page","link":"https:\/\/www.cadellarteboutique.com\/es\/nuestras-suites\/habitacion-doble-deluxe\/","title":{"rendered":"Habitaci\u00f3n doble deluxe"},"content":{"rendered":"<p>Tama\u00f1o ligeramente m\u00e1s generoso (22m2) y colores algo m\u00e1s oscuros dise\u00f1ados especialmente para esta habitaci\u00f3n que, como las dem\u00e1s de nuestro hotel, reserva en su interior la tipicidad de Venecia como las l\u00e1mparas de ara\u00f1a y apliques de Murano, vigas vistas, grandes ventanales con vistas a una calle t\u00edpica, as\u00ed como un toque de modernidad con una Smart TV grande y funcional y una consola de cristal hecha a mano en Italia, que la hacen realmente confortable.<\/p>\n","protected":false},"excerpt":{"rendered":"<p>Tama\u00f1o ligeramente m\u00e1s generoso (22m2) y colores algo m\u00e1s oscuros dise\u00f1ados especialmente para esta habitaci\u00f3n que, como las dem\u00e1s de nuestro hotel, reserva en su interior la tipicidad de Venecia como las l\u00e1mparas de ara\u00f1a y apliques de Murano, vigas vistas, grandes ventanales con vistas a una calle t\u00edpica, as\u00ed como un toque de modernidad [&hellip;]<\/p>\n","protected":false},"author":26,"featured_media":0,"parent":64,"menu_order":20,"comment_status":"closed","ping_status":"closed","template":"template-single-room.php","meta":{"footnotes":""},"class_list":["post-86","page","type-page","status-publish","hentry"],"yoast_head":"<!-- This site is optimized with the Yoast SEO plugin v27.3 - https:\/\/yoast.com\/product\/yoast-seo-wordpress\/ -->\n<title>Habitaci\u00f3n doble deluxe &#8226; Ca&#039; Dell&#039;Arte Boutique &#8226;<\/title>\n<meta name=\"description\" content=\"Tama\u00f1o ligeramente m\u00e1s generoso (22m2) y colores algo m\u00e1s oscuros dise\u00f1ados especialmente para esta habitaci\u00f3n que, como las dem\u00e1s de nuestro hotel, reserva en su interior la tipicidad de Venecia como las l\u00e1mparas de ara\u00f1a y apliques de Murano, vigas vistas, grandes ventanales con vistas a una calle t\u00edpica, as\u00ed como un toque de modernidad con una Smart TV grande y funcional y una consola de cristal hecha a mano en Italia, que la hacen realmente confortable..\" \/>\n<meta name=\"robots\" content=\"index, follow, max-snippet:-1, max-image-preview:large, max-video-preview:-1\" \/>\n<link rel=\"canonical\" href=\"https:\/\/www.cadellarteboutique.com\/es\/nuestras-suites\/habitacion-doble-deluxe\/\" \/>\n<meta property=\"og:locale\" content=\"es_ES\" \/>\n<meta property=\"og:type\" content=\"article\" \/>\n<meta property=\"og:title\" content=\"Habitaci\u00f3n doble deluxe &#8226; Ca&#039; Dell&#039;Arte Boutique &#8226;\" \/>\n<meta property=\"og:description\" content=\"Tama\u00f1o ligeramente m\u00e1s generoso (22m2) y colores algo m\u00e1s oscuros dise\u00f1ados especialmente para esta habitaci\u00f3n que, como las dem\u00e1s de nuestro hotel, reserva en su interior la tipicidad de Venecia como las l\u00e1mparas de ara\u00f1a y apliques de Murano, vigas vistas, grandes ventanales con vistas a una calle t\u00edpica, as\u00ed como un toque de modernidad con una Smart TV grande y funcional y una consola de cristal hecha a mano en Italia, que la hacen realmente confortable..\" \/>\n<meta property=\"og:url\" content=\"https:\/\/www.cadellarteboutique.com\/es\/nuestras-suites\/habitacion-doble-deluxe\/\" \/>\n<meta property=\"og:site_name\" content=\"Ca&#039; Dell&#039;Arte Boutique\" \/>\n<meta property=\"article:publisher\" content=\"https:\/\/www.facebook.com\/people\/C-dellArte-Collection\/\" \/>\n<meta property=\"article:modified_time\" content=\"2025-08-12T12:59:15+00:00\" \/>\n<meta name=\"twitter:card\" content=\"summary_large_image\" \/>\n<meta name=\"twitter:label1\" content=\"Tiempo de lectura\" \/>\n\t<meta name=\"twitter:data1\" content=\"1 minuto\" \/>\n<script type=\"application\/ld+json\" class=\"yoast-schema-graph\">{\"@context\":\"https:\\\/\\\/schema.org\",\"@graph\":[{\"@type\":\"WebPage\",\"@id\":\"https:\\\/\\\/www.cadellarteboutique.com\\\/es\\\/nuestras-suites\\\/habitacion-doble-deluxe\\\/\",\"url\":\"https:\\\/\\\/www.cadellarteboutique.com\\\/es\\\/nuestras-suites\\\/habitacion-doble-deluxe\\\/\",\"name\":\"Habitaci\u00f3n doble deluxe &#8226; Ca&#039; Dell&#039;Arte Boutique &#8226;\",\"isPartOf\":{\"@id\":\"https:\\\/\\\/www.cadellarteboutique.com\\\/es\\\/#website\"},\"datePublished\":\"2025-08-12T12:42:56+00:00\",\"dateModified\":\"2025-08-12T12:59:15+00:00\",\"description\":\"Tama\u00f1o ligeramente m\u00e1s generoso (22m2) y colores algo m\u00e1s oscuros dise\u00f1ados especialmente para esta habitaci\u00f3n que, como las dem\u00e1s de nuestro hotel, reserva en su interior la tipicidad de Venecia como las l\u00e1mparas de ara\u00f1a y apliques de Murano, vigas vistas, grandes ventanales con vistas a una calle t\u00edpica, as\u00ed como un toque de modernidad con una Smart TV grande y funcional y una consola de cristal hecha a mano en Italia, que la hacen realmente confortable..\",\"breadcrumb\":{\"@id\":\"https:\\\/\\\/www.cadellarteboutique.com\\\/es\\\/nuestras-suites\\\/habitacion-doble-deluxe\\\/#breadcrumb\"},\"inLanguage\":\"es\",\"potentialAction\":[{\"@type\":\"ReadAction\",\"target\":[\"https:\\\/\\\/www.cadellarteboutique.com\\\/es\\\/nuestras-suites\\\/habitacion-doble-deluxe\\\/\"]}]},{\"@type\":\"BreadcrumbList\",\"@id\":\"https:\\\/\\\/www.cadellarteboutique.com\\\/es\\\/nuestras-suites\\\/habitacion-doble-deluxe\\\/#breadcrumb\",\"itemListElement\":[{\"@type\":\"ListItem\",\"position\":1,\"name\":\"Home\",\"item\":\"https:\\\/\\\/www.cadellarteboutique.com\\\/es\\\/\"},{\"@type\":\"ListItem\",\"position\":2,\"name\":\"Nuestras Suites\",\"item\":\"https:\\\/\\\/www.cadellarteboutique.com\\\/es\\\/le-nostre-suite\\\/\"},{\"@type\":\"ListItem\",\"position\":3,\"name\":\"Habitaci\u00f3n doble deluxe\"}]},{\"@type\":\"WebSite\",\"@id\":\"https:\\\/\\\/www.cadellarteboutique.com\\\/es\\\/#website\",\"url\":\"https:\\\/\\\/www.cadellarteboutique.com\\\/es\\\/\",\"name\":\"Ca' Dell'Arte Boutique\",\"description\":\"\",\"potentialAction\":[{\"@type\":\"SearchAction\",\"target\":{\"@type\":\"EntryPoint\",\"urlTemplate\":\"https:\\\/\\\/www.cadellarteboutique.com\\\/es\\\/?s={search_term_string}\"},\"query-input\":{\"@type\":\"PropertyValueSpecification\",\"valueRequired\":true,\"valueName\":\"search_term_string\"}}],\"inLanguage\":\"es\"}]}<\/script>\n<!-- \/ Yoast SEO plugin. -->","yoast_head_json":{"title":"Habitaci\u00f3n doble deluxe &#8226; Ca&#039; Dell&#039;Arte Boutique &#8226;","description":"Tama\u00f1o ligeramente m\u00e1s generoso (22m2) y colores algo m\u00e1s oscuros dise\u00f1ados especialmente para esta habitaci\u00f3n que, como las dem\u00e1s de nuestro hotel, reserva en su interior la tipicidad de Venecia como las l\u00e1mparas de ara\u00f1a y apliques de Murano, vigas vistas, grandes ventanales con vistas a una calle t\u00edpica, as\u00ed como un toque de modernidad con una Smart TV grande y funcional y una consola de cristal hecha a mano en Italia, que la hacen realmente confortable..","robots":{"index":"index","follow":"follow","max-snippet":"max-snippet:-1","max-image-preview":"max-image-preview:large","max-video-preview":"max-video-preview:-1"},"canonical":"https:\/\/www.cadellarteboutique.com\/es\/nuestras-suites\/habitacion-doble-deluxe\/","og_locale":"es_ES","og_type":"article","og_title":"Habitaci\u00f3n doble deluxe &#8226; Ca&#039; Dell&#039;Arte Boutique &#8226;","og_description":"Tama\u00f1o ligeramente m\u00e1s generoso (22m2) y colores algo m\u00e1s oscuros dise\u00f1ados especialmente para esta habitaci\u00f3n que, como las dem\u00e1s de nuestro hotel, reserva en su interior la tipicidad de Venecia como las l\u00e1mparas de ara\u00f1a y apliques de Murano, vigas vistas, grandes ventanales con vistas a una calle t\u00edpica, as\u00ed como un toque de modernidad con una Smart TV grande y funcional y una consola de cristal hecha a mano en Italia, que la hacen realmente confortable..","og_url":"https:\/\/www.cadellarteboutique.com\/es\/nuestras-suites\/habitacion-doble-deluxe\/","og_site_name":"Ca&#039; Dell&#039;Arte Boutique","article_publisher":"https:\/\/www.facebook.com\/people\/C-dellArte-Collection\/","article_modified_time":"2025-08-12T12:59:15+00:00","twitter_card":"summary_large_image","twitter_misc":{"Tiempo de lectura":"1 minuto"},"schema":{"@context":"https:\/\/schema.org","@graph":[{"@type":"WebPage","@id":"https:\/\/www.cadellarteboutique.com\/es\/nuestras-suites\/habitacion-doble-deluxe\/","url":"https:\/\/www.cadellarteboutique.com\/es\/nuestras-suites\/habitacion-doble-deluxe\/","name":"Habitaci\u00f3n doble deluxe &#8226; Ca&#039; Dell&#039;Arte Boutique &#8226;","isPartOf":{"@id":"https:\/\/www.cadellarteboutique.com\/es\/#website"},"datePublished":"2025-08-12T12:42:56+00:00","dateModified":"2025-08-12T12:59:15+00:00","description":"Tama\u00f1o ligeramente m\u00e1s generoso (22m2) y colores algo m\u00e1s oscuros dise\u00f1ados especialmente para esta habitaci\u00f3n que, como las dem\u00e1s de nuestro hotel, reserva en su interior la tipicidad de Venecia como las l\u00e1mparas de ara\u00f1a y apliques de Murano, vigas vistas, grandes ventanales con vistas a una calle t\u00edpica, as\u00ed como un toque de modernidad con una Smart TV grande y funcional y una consola de cristal hecha a mano en Italia, que la hacen realmente confortable..","breadcrumb":{"@id":"https:\/\/www.cadellarteboutique.com\/es\/nuestras-suites\/habitacion-doble-deluxe\/#breadcrumb"},"inLanguage":"es","potentialAction":[{"@type":"ReadAction","target":["https:\/\/www.cadellarteboutique.com\/es\/nuestras-suites\/habitacion-doble-deluxe\/"]}]},{"@type":"BreadcrumbList","@id":"https:\/\/www.cadellarteboutique.com\/es\/nuestras-suites\/habitacion-doble-deluxe\/#breadcrumb","itemListElement":[{"@type":"ListItem","position":1,"name":"Home","item":"https:\/\/www.cadellarteboutique.com\/es\/"},{"@type":"ListItem","position":2,"name":"Nuestras Suites","item":"https:\/\/www.cadellarteboutique.com\/es\/le-nostre-suite\/"},{"@type":"ListItem","position":3,"name":"Habitaci\u00f3n doble deluxe"}]},{"@type":"WebSite","@id":"https:\/\/www.cadellarteboutique.com\/es\/#website","url":"https:\/\/www.cadellarteboutique.com\/es\/","name":"Ca' Dell'Arte Boutique","description":"","potentialAction":[{"@type":"SearchAction","target":{"@type":"EntryPoint","urlTemplate":"https:\/\/www.cadellarteboutique.com\/es\/?s={search_term_string}"},"query-input":{"@type":"PropertyValueSpecification","valueRequired":true,"valueName":"search_term_string"}}],"inLanguage":"es"}]}},"acf":[],"_links":{"self":[{"href":"https:\/\/www.cadellarteboutique.com\/es\/wp-json\/wp\/v2\/pages\/86","targetHints":{"allow":["GET"]}}],"collection":[{"href":"https:\/\/www.cadellarteboutique.com\/es\/wp-json\/wp\/v2\/pages"}],"about":[{"href":"https:\/\/www.cadellarteboutique.com\/es\/wp-json\/wp\/v2\/types\/page"}],"author":[{"embeddable":true,"href":"https:\/\/www.cadellarteboutique.com\/es\/wp-json\/wp\/v2\/users\/26"}],"replies":[{"embeddable":true,"href":"https:\/\/www.cadellarteboutique.com\/es\/wp-json\/wp\/v2\/comments?post=86"}],"version-history":[{"count":0,"href":"https:\/\/www.cadellarteboutique.com\/es\/wp-json\/wp\/v2\/pages\/86\/revisions"}],"up":[{"embeddable":true,"href":"https:\/\/www.cadellarteboutique.com\/es\/wp-json\/wp\/v2\/pages\/64"}],"wp:attachment":[{"href":"https:\/\/www.cadellarteboutique.com\/es\/wp-json\/wp\/v2\/media?parent=86"}],"curies":[{"name":"wp","href":"https:\/\/api.w.org\/{rel}","templated":true}]}}