{"id":91,"date":"2025-08-12T08:20:33","date_gmt":"2025-08-12T08:20:33","guid":{"rendered":"https:\/\/cadellarteboutique.ms2.decms.eu\/?page_id=91"},"modified":"2025-08-12T13:18:02","modified_gmt":"2025-08-12T13:18:02","slug":"wo-wir-sind","status":"publish","type":"page","link":"https:\/\/www.cadellarteboutique.com\/de\/wo-wir-sind\/","title":{"rendered":"Wo wir sind"},"content":{"rendered":"<p style=\"text-align: center;\">San Marco 5303 &#8211; Calle de l&#8217;Aquila Nera<br \/>\n30124 Venedig \u2013 Italien<\/p>\n<p>Unsere Lage ist sehr zentral, in der N\u00e4he aller Hauptattraktionen der Stadt wie die Rialtobr\u00fccke, der Rialtomarkt, der Markusplatz, der Canal Grande, das Einkaufsviertel und das Haus von Marco Polo.<\/p>\n<p>&nbsp;<\/p>\n<p>Alle Informationen, die Sie f\u00fcr die Planung Ihres Aufenthalts in Venedig ben\u00f6tigen &#8211; Verkehrsmittel, Parkm\u00f6glichkeiten, Ausstellungen, Veranstaltungen &#8211; finden Sie unter: <a href=\"https:\/\/www.live-venice.it\/de\/\" target=\"_blank\" rel=\"noopener\">www.live-venice.it<\/a><\/p>\n","protected":false},"excerpt":{"rendered":"<p>San Marco 5303 &#8211; Calle de l&#8217;Aquila Nera 30124 Venedig \u2013 Italien Unsere Lage ist sehr zentral, in der N\u00e4he aller Hauptattraktionen der Stadt wie die Rialtobr\u00fccke, der Rialtomarkt, der Markusplatz, der Canal Grande, das Einkaufsviertel und das Haus von Marco Polo. &nbsp; Alle Informationen, die Sie f\u00fcr die Planung Ihres Aufenthalts in Venedig ben\u00f6tigen [&hellip;]<\/p>\n","protected":false},"author":26,"featured_media":0,"parent":0,"menu_order":40,"comment_status":"closed","ping_status":"closed","template":"template-location.php","meta":{"footnotes":""},"class_list":["post-91","page","type-page","status-publish","hentry"],"yoast_head":"<!-- This site is optimized with the Yoast SEO plugin v27.3 - https:\/\/yoast.com\/product\/yoast-seo-wordpress\/ -->\n<title>Wo wir sind &#8226; Ca&#039; Dell&#039;Arte Boutique &#8226;<\/title>\n<meta name=\"description\" content=\"San Marco 5303 - Calle de l&#039;Aquila Nera 30124 Venedig \u2013 Italien Unsere Lage ist sehr zentral, in der N\u00e4he aller Hauptattraktionen der Stadt wie die Rialtobr\u00fccke, der Rialtomarkt, der Markusplatz, der Canal Grande, das Einkaufsviertel und das Haus von Marco Polo.  &nbsp;  Alle Informationen, die Sie f\u00fcr die Planung Ihres Aufenthalts in Venedig ben\u00f6tigen - Verkehrsmittel, Parkm\u00f6glichkeiten, Ausstellungen, Veranstaltungen - finden Sie unter: www.live-venice.it.\" \/>\n<meta name=\"robots\" content=\"index, follow, max-snippet:-1, max-image-preview:large, max-video-preview:-1\" \/>\n<link rel=\"canonical\" href=\"https:\/\/www.cadellarteboutique.com\/de\/wo-wir-sind\/\" \/>\n<meta property=\"og:locale\" content=\"de_DE\" \/>\n<meta property=\"og:type\" content=\"article\" \/>\n<meta property=\"og:title\" content=\"Wo wir sind &#8226; Ca&#039; Dell&#039;Arte Boutique &#8226;\" \/>\n<meta property=\"og:description\" content=\"San Marco 5303 - Calle de l&#039;Aquila Nera 30124 Venedig \u2013 Italien Unsere Lage ist sehr zentral, in der N\u00e4he aller Hauptattraktionen der Stadt wie die Rialtobr\u00fccke, der Rialtomarkt, der Markusplatz, der Canal Grande, das Einkaufsviertel und das Haus von Marco Polo.  &nbsp;  Alle Informationen, die Sie f\u00fcr die Planung Ihres Aufenthalts in Venedig ben\u00f6tigen - Verkehrsmittel, Parkm\u00f6glichkeiten, Ausstellungen, Veranstaltungen - finden Sie unter: www.live-venice.it.\" \/>\n<meta property=\"og:url\" content=\"https:\/\/www.cadellarteboutique.com\/de\/wo-wir-sind\/\" \/>\n<meta property=\"og:site_name\" content=\"Ca&#039; Dell&#039;Arte Boutique\" \/>\n<meta property=\"article:publisher\" content=\"https:\/\/www.facebook.com\/people\/C-dellArte-Collection\/\" \/>\n<meta property=\"article:modified_time\" content=\"2025-08-12T13:18:02+00:00\" \/>\n<meta name=\"twitter:card\" content=\"summary_large_image\" \/>\n<meta name=\"twitter:label1\" content=\"Gesch\u00e4tzte Lesezeit\" \/>\n\t<meta name=\"twitter:data1\" content=\"1 Minute\" \/>\n<script type=\"application\/ld+json\" class=\"yoast-schema-graph\">{\"@context\":\"https:\\\/\\\/schema.org\",\"@graph\":[{\"@type\":\"WebPage\",\"@id\":\"https:\\\/\\\/www.cadellarteboutique.com\\\/de\\\/wo-wir-sind\\\/\",\"url\":\"https:\\\/\\\/www.cadellarteboutique.com\\\/de\\\/wo-wir-sind\\\/\",\"name\":\"Wo wir sind &#8226; Ca&#039; Dell&#039;Arte Boutique &#8226;\",\"isPartOf\":{\"@id\":\"https:\\\/\\\/www.cadellarteboutique.com\\\/de\\\/#website\"},\"datePublished\":\"2025-08-12T08:20:33+00:00\",\"dateModified\":\"2025-08-12T13:18:02+00:00\",\"description\":\"San Marco 5303 - Calle de l'Aquila Nera 30124 Venedig \u2013 Italien Unsere Lage ist sehr zentral, in der N\u00e4he aller Hauptattraktionen der Stadt wie die Rialtobr\u00fccke, der Rialtomarkt, der Markusplatz, der Canal Grande, das Einkaufsviertel und das Haus von Marco Polo. &nbsp; Alle Informationen, die Sie f\u00fcr die Planung Ihres Aufenthalts in Venedig ben\u00f6tigen - Verkehrsmittel, Parkm\u00f6glichkeiten, Ausstellungen, Veranstaltungen - finden Sie unter: www.live-venice.it.\",\"breadcrumb\":{\"@id\":\"https:\\\/\\\/www.cadellarteboutique.com\\\/de\\\/wo-wir-sind\\\/#breadcrumb\"},\"inLanguage\":\"de-DE\",\"potentialAction\":[{\"@type\":\"ReadAction\",\"target\":[\"https:\\\/\\\/www.cadellarteboutique.com\\\/de\\\/wo-wir-sind\\\/\"]}]},{\"@type\":\"BreadcrumbList\",\"@id\":\"https:\\\/\\\/www.cadellarteboutique.com\\\/de\\\/wo-wir-sind\\\/#breadcrumb\",\"itemListElement\":[{\"@type\":\"ListItem\",\"position\":1,\"name\":\"Home\",\"item\":\"https:\\\/\\\/www.cadellarteboutique.com\\\/de\\\/\"},{\"@type\":\"ListItem\",\"position\":2,\"name\":\"Wo wir sind\"}]},{\"@type\":\"WebSite\",\"@id\":\"https:\\\/\\\/www.cadellarteboutique.com\\\/de\\\/#website\",\"url\":\"https:\\\/\\\/www.cadellarteboutique.com\\\/de\\\/\",\"name\":\"Ca' Dell'Arte Boutique\",\"description\":\"\",\"potentialAction\":[{\"@type\":\"SearchAction\",\"target\":{\"@type\":\"EntryPoint\",\"urlTemplate\":\"https:\\\/\\\/www.cadellarteboutique.com\\\/de\\\/?s={search_term_string}\"},\"query-input\":{\"@type\":\"PropertyValueSpecification\",\"valueRequired\":true,\"valueName\":\"search_term_string\"}}],\"inLanguage\":\"de-DE\"}]}<\/script>\n<!-- \/ Yoast SEO plugin. -->","yoast_head_json":{"title":"Wo wir sind &#8226; Ca&#039; Dell&#039;Arte Boutique &#8226;","description":"San Marco 5303 - Calle de l'Aquila Nera 30124 Venedig \u2013 Italien Unsere Lage ist sehr zentral, in der N\u00e4he aller Hauptattraktionen der Stadt wie die Rialtobr\u00fccke, der Rialtomarkt, der Markusplatz, der Canal Grande, das Einkaufsviertel und das Haus von Marco Polo.  &nbsp;  Alle Informationen, die Sie f\u00fcr die Planung Ihres Aufenthalts in Venedig ben\u00f6tigen - Verkehrsmittel, Parkm\u00f6glichkeiten, Ausstellungen, Veranstaltungen - finden Sie unter: www.live-venice.it.","robots":{"index":"index","follow":"follow","max-snippet":"max-snippet:-1","max-image-preview":"max-image-preview:large","max-video-preview":"max-video-preview:-1"},"canonical":"https:\/\/www.cadellarteboutique.com\/de\/wo-wir-sind\/","og_locale":"de_DE","og_type":"article","og_title":"Wo wir sind &#8226; Ca&#039; Dell&#039;Arte Boutique &#8226;","og_description":"San Marco 5303 - Calle de l'Aquila Nera 30124 Venedig \u2013 Italien Unsere Lage ist sehr zentral, in der N\u00e4he aller Hauptattraktionen der Stadt wie die Rialtobr\u00fccke, der Rialtomarkt, der Markusplatz, der Canal Grande, das Einkaufsviertel und das Haus von Marco Polo.  &nbsp;  Alle Informationen, die Sie f\u00fcr die Planung Ihres Aufenthalts in Venedig ben\u00f6tigen - Verkehrsmittel, Parkm\u00f6glichkeiten, Ausstellungen, Veranstaltungen - finden Sie unter: www.live-venice.it.","og_url":"https:\/\/www.cadellarteboutique.com\/de\/wo-wir-sind\/","og_site_name":"Ca&#039; Dell&#039;Arte Boutique","article_publisher":"https:\/\/www.facebook.com\/people\/C-dellArte-Collection\/","article_modified_time":"2025-08-12T13:18:02+00:00","twitter_card":"summary_large_image","twitter_misc":{"Gesch\u00e4tzte Lesezeit":"1 Minute"},"schema":{"@context":"https:\/\/schema.org","@graph":[{"@type":"WebPage","@id":"https:\/\/www.cadellarteboutique.com\/de\/wo-wir-sind\/","url":"https:\/\/www.cadellarteboutique.com\/de\/wo-wir-sind\/","name":"Wo wir sind &#8226; Ca&#039; Dell&#039;Arte Boutique &#8226;","isPartOf":{"@id":"https:\/\/www.cadellarteboutique.com\/de\/#website"},"datePublished":"2025-08-12T08:20:33+00:00","dateModified":"2025-08-12T13:18:02+00:00","description":"San Marco 5303 - Calle de l'Aquila Nera 30124 Venedig \u2013 Italien Unsere Lage ist sehr zentral, in der N\u00e4he aller Hauptattraktionen der Stadt wie die Rialtobr\u00fccke, der Rialtomarkt, der Markusplatz, der Canal Grande, das Einkaufsviertel und das Haus von Marco Polo. &nbsp; Alle Informationen, die Sie f\u00fcr die Planung Ihres Aufenthalts in Venedig ben\u00f6tigen - Verkehrsmittel, Parkm\u00f6glichkeiten, Ausstellungen, Veranstaltungen - finden Sie unter: www.live-venice.it.","breadcrumb":{"@id":"https:\/\/www.cadellarteboutique.com\/de\/wo-wir-sind\/#breadcrumb"},"inLanguage":"de-DE","potentialAction":[{"@type":"ReadAction","target":["https:\/\/www.cadellarteboutique.com\/de\/wo-wir-sind\/"]}]},{"@type":"BreadcrumbList","@id":"https:\/\/www.cadellarteboutique.com\/de\/wo-wir-sind\/#breadcrumb","itemListElement":[{"@type":"ListItem","position":1,"name":"Home","item":"https:\/\/www.cadellarteboutique.com\/de\/"},{"@type":"ListItem","position":2,"name":"Wo wir sind"}]},{"@type":"WebSite","@id":"https:\/\/www.cadellarteboutique.com\/de\/#website","url":"https:\/\/www.cadellarteboutique.com\/de\/","name":"Ca' Dell'Arte Boutique","description":"","potentialAction":[{"@type":"SearchAction","target":{"@type":"EntryPoint","urlTemplate":"https:\/\/www.cadellarteboutique.com\/de\/?s={search_term_string}"},"query-input":{"@type":"PropertyValueSpecification","valueRequired":true,"valueName":"search_term_string"}}],"inLanguage":"de-DE"}]}},"acf":[],"_links":{"self":[{"href":"https:\/\/www.cadellarteboutique.com\/de\/wp-json\/wp\/v2\/pages\/91","targetHints":{"allow":["GET"]}}],"collection":[{"href":"https:\/\/www.cadellarteboutique.com\/de\/wp-json\/wp\/v2\/pages"}],"about":[{"href":"https:\/\/www.cadellarteboutique.com\/de\/wp-json\/wp\/v2\/types\/page"}],"author":[{"embeddable":true,"href":"https:\/\/www.cadellarteboutique.com\/de\/wp-json\/wp\/v2\/users\/26"}],"replies":[{"embeddable":true,"href":"https:\/\/www.cadellarteboutique.com\/de\/wp-json\/wp\/v2\/comments?post=91"}],"version-history":[{"count":0,"href":"https:\/\/www.cadellarteboutique.com\/de\/wp-json\/wp\/v2\/pages\/91\/revisions"}],"wp:attachment":[{"href":"https:\/\/www.cadellarteboutique.com\/de\/wp-json\/wp\/v2\/media?parent=91"}],"curies":[{"name":"wp","href":"https:\/\/api.w.org\/{rel}","templated":true}]}}