{"id":79,"date":"2025-08-12T12:42:07","date_gmt":"2025-08-12T12:42:07","guid":{"rendered":"https:\/\/cadellarteboutique.ms2.decms.eu\/?page_id=79"},"modified":"2025-08-12T12:51:54","modified_gmt":"2025-08-12T12:51:54","slug":"superior-doppelzimmer-panoramische-terrasse","status":"publish","type":"page","link":"https:\/\/www.cadellarteboutique.com\/de\/unsere-suiten\/superior-doppelzimmer-panoramische-terrasse\/","title":{"rendered":"Superior Doppelzimmer Panoramische Terrasse"},"content":{"rendered":"<p>Ein kleines Liebesnest, umgeben von Spiegeln rundherum, freiliegenden Holzbalken und einem ebenfalls verspiegelten Badezimmer aus sehr hellem italienischem Marmor. Um das Werk zu vollenden, eine sch\u00f6ne und gro\u00dfe Panoramaterrasse, auf der Sie sich nach einem langen Wandertag entspannen k\u00f6nnen, und von der aus Sie die typischen venezianischen D\u00e4cher bewundern k\u00f6nnen, aber vor allem, von wo aus sich majest\u00e4tisch der \u201eParon\u201c erhebt, der Campanile di San Marco<\/p>\n","protected":false},"excerpt":{"rendered":"<p>Ein kleines Liebesnest, umgeben von Spiegeln rundherum, freiliegenden Holzbalken und einem ebenfalls verspiegelten Badezimmer aus sehr hellem italienischem Marmor. Um das Werk zu vollenden, eine sch\u00f6ne und gro\u00dfe Panoramaterrasse, auf der Sie sich nach einem langen Wandertag entspannen k\u00f6nnen, und von der aus Sie die typischen venezianischen D\u00e4cher bewundern k\u00f6nnen, aber vor allem, von wo [&hellip;]<\/p>\n","protected":false},"author":26,"featured_media":0,"parent":63,"menu_order":30,"comment_status":"closed","ping_status":"closed","template":"template-single-room.php","meta":{"footnotes":""},"class_list":["post-79","page","type-page","status-publish","hentry"],"yoast_head":"<!-- This site is optimized with the Yoast SEO plugin v27.3 - https:\/\/yoast.com\/product\/yoast-seo-wordpress\/ -->\n<title>Superior Doppelzimmer Panoramische Terrasse &#8226; Ca&#039; Dell&#039;Arte Boutique &#8226;<\/title>\n<meta name=\"description\" content=\"Ein kleines Liebesnest, umgeben von Spiegeln rundherum, freiliegenden Holzbalken und einem ebenfalls verspiegelten Badezimmer aus sehr hellem italienischem Marmor. Um das Werk zu vollenden, eine sch\u00f6ne und gro\u00dfe Panoramaterrasse, auf der Sie sich nach einem langen Wandertag entspannen k\u00f6nnen, und von der aus Sie die typischen venezianischen D\u00e4cher bewundern k\u00f6nnen, aber vor allem, von wo aus sich majest\u00e4tisch der \u201eParon\u201c erhebt, der Campanile di San Marco\" \/>\n<meta name=\"robots\" content=\"index, follow, max-snippet:-1, max-image-preview:large, max-video-preview:-1\" \/>\n<link rel=\"canonical\" href=\"https:\/\/www.cadellarteboutique.com\/de\/unsere-suiten\/superior-doppelzimmer-panoramische-terrasse\/\" \/>\n<meta property=\"og:locale\" content=\"de_DE\" \/>\n<meta property=\"og:type\" content=\"article\" \/>\n<meta property=\"og:title\" content=\"Superior Doppelzimmer Panoramische Terrasse &#8226; Ca&#039; Dell&#039;Arte Boutique &#8226;\" \/>\n<meta property=\"og:description\" content=\"Ein kleines Liebesnest, umgeben von Spiegeln rundherum, freiliegenden Holzbalken und einem ebenfalls verspiegelten Badezimmer aus sehr hellem italienischem Marmor. Um das Werk zu vollenden, eine sch\u00f6ne und gro\u00dfe Panoramaterrasse, auf der Sie sich nach einem langen Wandertag entspannen k\u00f6nnen, und von der aus Sie die typischen venezianischen D\u00e4cher bewundern k\u00f6nnen, aber vor allem, von wo aus sich majest\u00e4tisch der \u201eParon\u201c erhebt, der Campanile di San Marco\" \/>\n<meta property=\"og:url\" content=\"https:\/\/www.cadellarteboutique.com\/de\/unsere-suiten\/superior-doppelzimmer-panoramische-terrasse\/\" \/>\n<meta property=\"og:site_name\" content=\"Ca&#039; Dell&#039;Arte Boutique\" \/>\n<meta property=\"article:publisher\" content=\"https:\/\/www.facebook.com\/people\/C-dellArte-Collection\/\" \/>\n<meta property=\"article:modified_time\" content=\"2025-08-12T12:51:54+00:00\" \/>\n<meta name=\"twitter:card\" content=\"summary_large_image\" \/>\n<meta name=\"twitter:label1\" content=\"Gesch\u00e4tzte Lesezeit\" \/>\n\t<meta name=\"twitter:data1\" content=\"1 Minute\" \/>\n<script type=\"application\/ld+json\" class=\"yoast-schema-graph\">{\"@context\":\"https:\\\/\\\/schema.org\",\"@graph\":[{\"@type\":\"WebPage\",\"@id\":\"https:\\\/\\\/www.cadellarteboutique.com\\\/de\\\/unsere-suiten\\\/superior-doppelzimmer-panoramische-terrasse\\\/\",\"url\":\"https:\\\/\\\/www.cadellarteboutique.com\\\/de\\\/unsere-suiten\\\/superior-doppelzimmer-panoramische-terrasse\\\/\",\"name\":\"Superior Doppelzimmer Panoramische Terrasse &#8226; Ca&#039; Dell&#039;Arte Boutique &#8226;\",\"isPartOf\":{\"@id\":\"https:\\\/\\\/www.cadellarteboutique.com\\\/de\\\/#website\"},\"datePublished\":\"2025-08-12T12:42:07+00:00\",\"dateModified\":\"2025-08-12T12:51:54+00:00\",\"description\":\"Ein kleines Liebesnest, umgeben von Spiegeln rundherum, freiliegenden Holzbalken und einem ebenfalls verspiegelten Badezimmer aus sehr hellem italienischem Marmor. Um das Werk zu vollenden, eine sch\u00f6ne und gro\u00dfe Panoramaterrasse, auf der Sie sich nach einem langen Wandertag entspannen k\u00f6nnen, und von der aus Sie die typischen venezianischen D\u00e4cher bewundern k\u00f6nnen, aber vor allem, von wo aus sich majest\u00e4tisch der \u201eParon\u201c erhebt, der Campanile di San Marco\",\"breadcrumb\":{\"@id\":\"https:\\\/\\\/www.cadellarteboutique.com\\\/de\\\/unsere-suiten\\\/superior-doppelzimmer-panoramische-terrasse\\\/#breadcrumb\"},\"inLanguage\":\"de-DE\",\"potentialAction\":[{\"@type\":\"ReadAction\",\"target\":[\"https:\\\/\\\/www.cadellarteboutique.com\\\/de\\\/unsere-suiten\\\/superior-doppelzimmer-panoramische-terrasse\\\/\"]}]},{\"@type\":\"BreadcrumbList\",\"@id\":\"https:\\\/\\\/www.cadellarteboutique.com\\\/de\\\/unsere-suiten\\\/superior-doppelzimmer-panoramische-terrasse\\\/#breadcrumb\",\"itemListElement\":[{\"@type\":\"ListItem\",\"position\":1,\"name\":\"Home\",\"item\":\"https:\\\/\\\/www.cadellarteboutique.com\\\/de\\\/\"},{\"@type\":\"ListItem\",\"position\":2,\"name\":\"Unsere Suiten\",\"item\":\"https:\\\/\\\/www.cadellarteboutique.com\\\/de\\\/le-nostre-suite\\\/\"},{\"@type\":\"ListItem\",\"position\":3,\"name\":\"Superior Doppelzimmer Panoramische Terrasse\"}]},{\"@type\":\"WebSite\",\"@id\":\"https:\\\/\\\/www.cadellarteboutique.com\\\/de\\\/#website\",\"url\":\"https:\\\/\\\/www.cadellarteboutique.com\\\/de\\\/\",\"name\":\"Ca' Dell'Arte Boutique\",\"description\":\"\",\"potentialAction\":[{\"@type\":\"SearchAction\",\"target\":{\"@type\":\"EntryPoint\",\"urlTemplate\":\"https:\\\/\\\/www.cadellarteboutique.com\\\/de\\\/?s={search_term_string}\"},\"query-input\":{\"@type\":\"PropertyValueSpecification\",\"valueRequired\":true,\"valueName\":\"search_term_string\"}}],\"inLanguage\":\"de-DE\"}]}<\/script>\n<!-- \/ Yoast SEO plugin. -->","yoast_head_json":{"title":"Superior Doppelzimmer Panoramische Terrasse &#8226; Ca&#039; Dell&#039;Arte Boutique &#8226;","description":"Ein kleines Liebesnest, umgeben von Spiegeln rundherum, freiliegenden Holzbalken und einem ebenfalls verspiegelten Badezimmer aus sehr hellem italienischem Marmor. Um das Werk zu vollenden, eine sch\u00f6ne und gro\u00dfe Panoramaterrasse, auf der Sie sich nach einem langen Wandertag entspannen k\u00f6nnen, und von der aus Sie die typischen venezianischen D\u00e4cher bewundern k\u00f6nnen, aber vor allem, von wo aus sich majest\u00e4tisch der \u201eParon\u201c erhebt, der Campanile di San Marco","robots":{"index":"index","follow":"follow","max-snippet":"max-snippet:-1","max-image-preview":"max-image-preview:large","max-video-preview":"max-video-preview:-1"},"canonical":"https:\/\/www.cadellarteboutique.com\/de\/unsere-suiten\/superior-doppelzimmer-panoramische-terrasse\/","og_locale":"de_DE","og_type":"article","og_title":"Superior Doppelzimmer Panoramische Terrasse &#8226; Ca&#039; Dell&#039;Arte Boutique &#8226;","og_description":"Ein kleines Liebesnest, umgeben von Spiegeln rundherum, freiliegenden Holzbalken und einem ebenfalls verspiegelten Badezimmer aus sehr hellem italienischem Marmor. Um das Werk zu vollenden, eine sch\u00f6ne und gro\u00dfe Panoramaterrasse, auf der Sie sich nach einem langen Wandertag entspannen k\u00f6nnen, und von der aus Sie die typischen venezianischen D\u00e4cher bewundern k\u00f6nnen, aber vor allem, von wo aus sich majest\u00e4tisch der \u201eParon\u201c erhebt, der Campanile di San Marco","og_url":"https:\/\/www.cadellarteboutique.com\/de\/unsere-suiten\/superior-doppelzimmer-panoramische-terrasse\/","og_site_name":"Ca&#039; Dell&#039;Arte Boutique","article_publisher":"https:\/\/www.facebook.com\/people\/C-dellArte-Collection\/","article_modified_time":"2025-08-12T12:51:54+00:00","twitter_card":"summary_large_image","twitter_misc":{"Gesch\u00e4tzte Lesezeit":"1 Minute"},"schema":{"@context":"https:\/\/schema.org","@graph":[{"@type":"WebPage","@id":"https:\/\/www.cadellarteboutique.com\/de\/unsere-suiten\/superior-doppelzimmer-panoramische-terrasse\/","url":"https:\/\/www.cadellarteboutique.com\/de\/unsere-suiten\/superior-doppelzimmer-panoramische-terrasse\/","name":"Superior Doppelzimmer Panoramische Terrasse &#8226; Ca&#039; Dell&#039;Arte Boutique &#8226;","isPartOf":{"@id":"https:\/\/www.cadellarteboutique.com\/de\/#website"},"datePublished":"2025-08-12T12:42:07+00:00","dateModified":"2025-08-12T12:51:54+00:00","description":"Ein kleines Liebesnest, umgeben von Spiegeln rundherum, freiliegenden Holzbalken und einem ebenfalls verspiegelten Badezimmer aus sehr hellem italienischem Marmor. Um das Werk zu vollenden, eine sch\u00f6ne und gro\u00dfe Panoramaterrasse, auf der Sie sich nach einem langen Wandertag entspannen k\u00f6nnen, und von der aus Sie die typischen venezianischen D\u00e4cher bewundern k\u00f6nnen, aber vor allem, von wo aus sich majest\u00e4tisch der \u201eParon\u201c erhebt, der Campanile di San Marco","breadcrumb":{"@id":"https:\/\/www.cadellarteboutique.com\/de\/unsere-suiten\/superior-doppelzimmer-panoramische-terrasse\/#breadcrumb"},"inLanguage":"de-DE","potentialAction":[{"@type":"ReadAction","target":["https:\/\/www.cadellarteboutique.com\/de\/unsere-suiten\/superior-doppelzimmer-panoramische-terrasse\/"]}]},{"@type":"BreadcrumbList","@id":"https:\/\/www.cadellarteboutique.com\/de\/unsere-suiten\/superior-doppelzimmer-panoramische-terrasse\/#breadcrumb","itemListElement":[{"@type":"ListItem","position":1,"name":"Home","item":"https:\/\/www.cadellarteboutique.com\/de\/"},{"@type":"ListItem","position":2,"name":"Unsere Suiten","item":"https:\/\/www.cadellarteboutique.com\/de\/le-nostre-suite\/"},{"@type":"ListItem","position":3,"name":"Superior Doppelzimmer Panoramische Terrasse"}]},{"@type":"WebSite","@id":"https:\/\/www.cadellarteboutique.com\/de\/#website","url":"https:\/\/www.cadellarteboutique.com\/de\/","name":"Ca' Dell'Arte Boutique","description":"","potentialAction":[{"@type":"SearchAction","target":{"@type":"EntryPoint","urlTemplate":"https:\/\/www.cadellarteboutique.com\/de\/?s={search_term_string}"},"query-input":{"@type":"PropertyValueSpecification","valueRequired":true,"valueName":"search_term_string"}}],"inLanguage":"de-DE"}]}},"acf":[],"_links":{"self":[{"href":"https:\/\/www.cadellarteboutique.com\/de\/wp-json\/wp\/v2\/pages\/79","targetHints":{"allow":["GET"]}}],"collection":[{"href":"https:\/\/www.cadellarteboutique.com\/de\/wp-json\/wp\/v2\/pages"}],"about":[{"href":"https:\/\/www.cadellarteboutique.com\/de\/wp-json\/wp\/v2\/types\/page"}],"author":[{"embeddable":true,"href":"https:\/\/www.cadellarteboutique.com\/de\/wp-json\/wp\/v2\/users\/26"}],"replies":[{"embeddable":true,"href":"https:\/\/www.cadellarteboutique.com\/de\/wp-json\/wp\/v2\/comments?post=79"}],"version-history":[{"count":0,"href":"https:\/\/www.cadellarteboutique.com\/de\/wp-json\/wp\/v2\/pages\/79\/revisions"}],"up":[{"embeddable":true,"href":"https:\/\/www.cadellarteboutique.com\/de\/wp-json\/wp\/v2\/pages\/63"}],"wp:attachment":[{"href":"https:\/\/www.cadellarteboutique.com\/de\/wp-json\/wp\/v2\/media?parent=79"}],"curies":[{"name":"wp","href":"https:\/\/api.w.org\/{rel}","templated":true}]}}