{"id":168,"date":"2025-08-12T08:24:46","date_gmt":"2025-08-12T08:24:46","guid":{"rendered":"https:\/\/cadellarteboutique.ms2.decms.eu\/?page_id=168"},"modified":"2025-08-12T14:15:45","modified_gmt":"2025-08-12T14:15:45","slug":"museen","status":"publish","type":"page","link":"https:\/\/www.cadellarteboutique.com\/de\/venedig-und-umgebung\/museen\/","title":{"rendered":"Museen"},"content":{"rendered":"<p><strong>Palazzo Grassi \u2013 Punta della Dogana<\/strong><br \/>\nEntworfen von Giorgio Massari und zwischen 1748 und 1772 fertiggestellt, war der Palazzo Grassi das letzte gro\u00dfe Geb\u00e4ude am Canal Grande vor dem Untergang der Republik Venedig.<br \/>\n<a href=\"http:\/\/palazzograssi.it\" target=\"_blank\" rel=\"noopener\">palazzograssi.it<\/a><\/p>\n<p><strong>Gallerie dell\u2019Accademia<\/strong><br \/>\nIm Stadtteil Dorsoduro, am Fu\u00df der Accademia-Br\u00fccke gelegen, befinden sich die Gallerie dell\u2019Accademia im ehemaligen Komplex von Santa Maria della Carit\u00e0, der einst die Kirche, das Kloster der Laterankanoniker und die Scuola Grande umfasste. Gegr\u00fcndet 1817 von der Akademie der Sch\u00f6nen K\u00fcnste, teilten sie sich die R\u00e4umlichkeiten bis 2004.<br \/>\n<a href=\"http:\/\/gallerieaccademia.it\" target=\"_blank\" rel=\"noopener\">gallerieaccademia.it<\/a><\/p>\n<p><strong>Peggy Guggenheim Collection<\/strong><br \/>\nMarguerite \u201ePeggy\u201c Guggenheim, US-amerikanische Kunstsammlerin und M\u00e4zenin, Tochter von Benjamin Guggenheim und Nichte von Solomon R. Guggenheim, widmete ihr Leben der F\u00f6rderung der modernen Kunst. Ihre Sammlung in Venedig z\u00e4hlt heute zu den bedeutendsten weltweit.<br \/>\n<a href=\"http:\/\/guggenheim-venice.it\" target=\"_blank\" rel=\"noopener\">guggenheim-venice.it<\/a><\/p>\n<p><strong>Museo Correr<\/strong><br \/>\nSeit 1922 befindet sich das Museum auf dem Markusplatz, in der Napoleonischen Fl\u00fcgel und einem Teil der Procuratie Nuove, und pr\u00e4sentiert die Geschichte und Kunst Venedigs in umfangreichen Sammlungen.<br \/>\n<a href=\"http:\/\/correr.visitmuve.it\" target=\"_blank\" rel=\"noopener\">correr.visitmuve.it<\/a><\/p>\n<p><strong>Dogenpalast<\/strong><br \/>\nEin Meisterwerk der venezianischen Gotik und Symbol der Serenissima: Der Dogenpalast liegt neben dem Markusdom, zwischen der Piazzetta und dem Ufer, und war einst Residenz des Dogen.<br \/>\n<a href=\"http:\/\/palazzoducale.visitmuve.it\" target=\"_blank\" rel=\"noopener\">palazzoducale.visitmuve.it<\/a><\/p>\n<p><strong>Scala Contarini del Bovolo<\/strong><br \/>\nVersteckt in den engen Gassen nahe Campo Manin ist der Palazzo Contarini del Bovolo ein feines Beispiel sp\u00e4tgotischer venezianischer Architektur, ber\u00fchmt f\u00fcr seine eindrucksvolle Au\u00dfentreppe in Spiralform.<br \/>\n<a href=\"http:\/\/gioiellinascostidivenezia.it\" target=\"_blank\" rel=\"noopener\">gioiellinascostidivenezia.it<\/a><\/p>\n<p><strong>Teatro La Fenice<\/strong><br \/>\nDas Herz der venezianischen Oper und eines der renommiertesten Theater der Welt: Das Gran Teatro La Fenice liegt in Campo San Fantin im Stadtteil San Marco und ist bekannt f\u00fcr seine Geschichte und exzellente Akustik.<br \/>\n<a href=\"http:\/\/teatrolafenice.it\" target=\"_blank\" rel=\"noopener\">teatrolafenice.it<\/a><\/p>\n","protected":false},"excerpt":{"rendered":"<p>Palazzo Grassi \u2013 Punta della Dogana Entworfen von Giorgio Massari und zwischen 1748 und 1772 fertiggestellt, war der Palazzo Grassi das letzte gro\u00dfe Geb\u00e4ude am Canal Grande vor dem Untergang der Republik Venedig. palazzograssi.it Gallerie dell\u2019Accademia Im Stadtteil Dorsoduro, am Fu\u00df der Accademia-Br\u00fccke gelegen, befinden sich die Gallerie dell\u2019Accademia im ehemaligen Komplex von Santa Maria [&hellip;]<\/p>\n","protected":false},"author":26,"featured_media":0,"parent":160,"menu_order":10,"comment_status":"closed","ping_status":"closed","template":"","meta":{"footnotes":""},"class_list":["post-168","page","type-page","status-publish","hentry"],"yoast_head":"<!-- This site is optimized with the Yoast SEO plugin v27.3 - https:\/\/yoast.com\/product\/yoast-seo-wordpress\/ -->\n<title>Museen &#8226; Ca&#039; Dell&#039;Arte Boutique &#8226;<\/title>\n<meta name=\"description\" content=\"Palazzo Grassi \u2013 Punta della Dogana Entworfen von Giorgio Massari und zwischen 1748 und 1772 fertiggestellt, war der Palazzo Grassi das letzte gro\u00dfe Geb\u00e4ude am Canal Grande vor dem Untergang der Republik Venedig. palazzograssi.it  Gallerie dell\u2019Accademia Im Stadtteil Dorsoduro, am Fu\u00df der Accademia-Br\u00fccke gelegen, befinden sich die Gallerie dell\u2019Accademia im ehemaligen Komplex von Santa Maria della Carit\u00e0, der einst die Kirche, das Kloster der Laterankanoniker und die Scuola Grande umfasste. Gegr\u00fcndet 1817 von der Akademie der Sch\u00f6nen K\u00fcnste, teilten sie sich die R\u00e4umlichkeiten bis 2004. gallerieaccademia.it  Peggy Guggenheim Collection Marguerite \u201ePeggy\u201c Guggenheim, US-amerikanische Kunstsammlerin und M\u00e4zenin, Tochter von Benjamin Guggenheim und Nichte von Solomon R\" \/>\n<meta name=\"robots\" content=\"index, follow, max-snippet:-1, max-image-preview:large, max-video-preview:-1\" \/>\n<link rel=\"canonical\" href=\"https:\/\/www.cadellarteboutique.com\/de\/venedig-und-umgebung\/museen\/\" \/>\n<meta property=\"og:locale\" content=\"de_DE\" \/>\n<meta property=\"og:type\" content=\"article\" \/>\n<meta property=\"og:title\" content=\"Museen &#8226; Ca&#039; Dell&#039;Arte Boutique &#8226;\" \/>\n<meta property=\"og:description\" content=\"Palazzo Grassi \u2013 Punta della Dogana Entworfen von Giorgio Massari und zwischen 1748 und 1772 fertiggestellt, war der Palazzo Grassi das letzte gro\u00dfe Geb\u00e4ude am Canal Grande vor dem Untergang der Republik Venedig. palazzograssi.it  Gallerie dell\u2019Accademia Im Stadtteil Dorsoduro, am Fu\u00df der Accademia-Br\u00fccke gelegen, befinden sich die Gallerie dell\u2019Accademia im ehemaligen Komplex von Santa Maria della Carit\u00e0, der einst die Kirche, das Kloster der Laterankanoniker und die Scuola Grande umfasste. Gegr\u00fcndet 1817 von der Akademie der Sch\u00f6nen K\u00fcnste, teilten sie sich die R\u00e4umlichkeiten bis 2004. gallerieaccademia.it  Peggy Guggenheim Collection Marguerite \u201ePeggy\u201c Guggenheim, US-amerikanische Kunstsammlerin und M\u00e4zenin, Tochter von Benjamin Guggenheim und Nichte von Solomon R\" \/>\n<meta property=\"og:url\" content=\"https:\/\/www.cadellarteboutique.com\/de\/venedig-und-umgebung\/museen\/\" \/>\n<meta property=\"og:site_name\" content=\"Ca&#039; Dell&#039;Arte Boutique\" \/>\n<meta property=\"article:publisher\" content=\"https:\/\/www.facebook.com\/people\/C-dellArte-Collection\/\" \/>\n<meta property=\"article:modified_time\" content=\"2025-08-12T14:15:45+00:00\" \/>\n<meta name=\"twitter:card\" content=\"summary_large_image\" \/>\n<meta name=\"twitter:label1\" content=\"Gesch\u00e4tzte Lesezeit\" \/>\n\t<meta name=\"twitter:data1\" content=\"2 Minuten\" \/>\n<script type=\"application\/ld+json\" class=\"yoast-schema-graph\">{\"@context\":\"https:\\\/\\\/schema.org\",\"@graph\":[{\"@type\":\"WebPage\",\"@id\":\"https:\\\/\\\/www.cadellarteboutique.com\\\/de\\\/venedig-und-umgebung\\\/museen\\\/\",\"url\":\"https:\\\/\\\/www.cadellarteboutique.com\\\/de\\\/venedig-und-umgebung\\\/museen\\\/\",\"name\":\"Museen &#8226; Ca&#039; Dell&#039;Arte Boutique &#8226;\",\"isPartOf\":{\"@id\":\"https:\\\/\\\/www.cadellarteboutique.com\\\/de\\\/#website\"},\"datePublished\":\"2025-08-12T08:24:46+00:00\",\"dateModified\":\"2025-08-12T14:15:45+00:00\",\"description\":\"Palazzo Grassi \u2013 Punta della Dogana Entworfen von Giorgio Massari und zwischen 1748 und 1772 fertiggestellt, war der Palazzo Grassi das letzte gro\u00dfe Geb\u00e4ude am Canal Grande vor dem Untergang der Republik Venedig. palazzograssi.it Gallerie dell\u2019Accademia Im Stadtteil Dorsoduro, am Fu\u00df der Accademia-Br\u00fccke gelegen, befinden sich die Gallerie dell\u2019Accademia im ehemaligen Komplex von Santa Maria della Carit\u00e0, der einst die Kirche, das Kloster der Laterankanoniker und die Scuola Grande umfasste. Gegr\u00fcndet 1817 von der Akademie der Sch\u00f6nen K\u00fcnste, teilten sie sich die R\u00e4umlichkeiten bis 2004. gallerieaccademia.it Peggy Guggenheim Collection Marguerite \u201ePeggy\u201c Guggenheim, US-amerikanische Kunstsammlerin und M\u00e4zenin, Tochter von Benjamin Guggenheim und Nichte von Solomon R\",\"breadcrumb\":{\"@id\":\"https:\\\/\\\/www.cadellarteboutique.com\\\/de\\\/venedig-und-umgebung\\\/museen\\\/#breadcrumb\"},\"inLanguage\":\"de-DE\",\"potentialAction\":[{\"@type\":\"ReadAction\",\"target\":[\"https:\\\/\\\/www.cadellarteboutique.com\\\/de\\\/venedig-und-umgebung\\\/museen\\\/\"]}]},{\"@type\":\"BreadcrumbList\",\"@id\":\"https:\\\/\\\/www.cadellarteboutique.com\\\/de\\\/venedig-und-umgebung\\\/museen\\\/#breadcrumb\",\"itemListElement\":[{\"@type\":\"ListItem\",\"position\":1,\"name\":\"Home\",\"item\":\"https:\\\/\\\/www.cadellarteboutique.com\\\/de\\\/\"},{\"@type\":\"ListItem\",\"position\":2,\"name\":\"Venedig und Umgebung\",\"item\":\"https:\\\/\\\/www.cadellarteboutique.com\\\/de\\\/venezia-e-dintorni\\\/\"},{\"@type\":\"ListItem\",\"position\":3,\"name\":\"Museen\"}]},{\"@type\":\"WebSite\",\"@id\":\"https:\\\/\\\/www.cadellarteboutique.com\\\/de\\\/#website\",\"url\":\"https:\\\/\\\/www.cadellarteboutique.com\\\/de\\\/\",\"name\":\"Ca' Dell'Arte Boutique\",\"description\":\"\",\"potentialAction\":[{\"@type\":\"SearchAction\",\"target\":{\"@type\":\"EntryPoint\",\"urlTemplate\":\"https:\\\/\\\/www.cadellarteboutique.com\\\/de\\\/?s={search_term_string}\"},\"query-input\":{\"@type\":\"PropertyValueSpecification\",\"valueRequired\":true,\"valueName\":\"search_term_string\"}}],\"inLanguage\":\"de-DE\"}]}<\/script>\n<!-- \/ Yoast SEO plugin. -->","yoast_head_json":{"title":"Museen &#8226; Ca&#039; Dell&#039;Arte Boutique &#8226;","description":"Palazzo Grassi \u2013 Punta della Dogana Entworfen von Giorgio Massari und zwischen 1748 und 1772 fertiggestellt, war der Palazzo Grassi das letzte gro\u00dfe Geb\u00e4ude am Canal Grande vor dem Untergang der Republik Venedig. palazzograssi.it  Gallerie dell\u2019Accademia Im Stadtteil Dorsoduro, am Fu\u00df der Accademia-Br\u00fccke gelegen, befinden sich die Gallerie dell\u2019Accademia im ehemaligen Komplex von Santa Maria della Carit\u00e0, der einst die Kirche, das Kloster der Laterankanoniker und die Scuola Grande umfasste. Gegr\u00fcndet 1817 von der Akademie der Sch\u00f6nen K\u00fcnste, teilten sie sich die R\u00e4umlichkeiten bis 2004. gallerieaccademia.it  Peggy Guggenheim Collection Marguerite \u201ePeggy\u201c Guggenheim, US-amerikanische Kunstsammlerin und M\u00e4zenin, Tochter von Benjamin Guggenheim und Nichte von Solomon R","robots":{"index":"index","follow":"follow","max-snippet":"max-snippet:-1","max-image-preview":"max-image-preview:large","max-video-preview":"max-video-preview:-1"},"canonical":"https:\/\/www.cadellarteboutique.com\/de\/venedig-und-umgebung\/museen\/","og_locale":"de_DE","og_type":"article","og_title":"Museen &#8226; Ca&#039; Dell&#039;Arte Boutique &#8226;","og_description":"Palazzo Grassi \u2013 Punta della Dogana Entworfen von Giorgio Massari und zwischen 1748 und 1772 fertiggestellt, war der Palazzo Grassi das letzte gro\u00dfe Geb\u00e4ude am Canal Grande vor dem Untergang der Republik Venedig. palazzograssi.it  Gallerie dell\u2019Accademia Im Stadtteil Dorsoduro, am Fu\u00df der Accademia-Br\u00fccke gelegen, befinden sich die Gallerie dell\u2019Accademia im ehemaligen Komplex von Santa Maria della Carit\u00e0, der einst die Kirche, das Kloster der Laterankanoniker und die Scuola Grande umfasste. Gegr\u00fcndet 1817 von der Akademie der Sch\u00f6nen K\u00fcnste, teilten sie sich die R\u00e4umlichkeiten bis 2004. gallerieaccademia.it  Peggy Guggenheim Collection Marguerite \u201ePeggy\u201c Guggenheim, US-amerikanische Kunstsammlerin und M\u00e4zenin, Tochter von Benjamin Guggenheim und Nichte von Solomon R","og_url":"https:\/\/www.cadellarteboutique.com\/de\/venedig-und-umgebung\/museen\/","og_site_name":"Ca&#039; Dell&#039;Arte Boutique","article_publisher":"https:\/\/www.facebook.com\/people\/C-dellArte-Collection\/","article_modified_time":"2025-08-12T14:15:45+00:00","twitter_card":"summary_large_image","twitter_misc":{"Gesch\u00e4tzte Lesezeit":"2 Minuten"},"schema":{"@context":"https:\/\/schema.org","@graph":[{"@type":"WebPage","@id":"https:\/\/www.cadellarteboutique.com\/de\/venedig-und-umgebung\/museen\/","url":"https:\/\/www.cadellarteboutique.com\/de\/venedig-und-umgebung\/museen\/","name":"Museen &#8226; Ca&#039; Dell&#039;Arte Boutique &#8226;","isPartOf":{"@id":"https:\/\/www.cadellarteboutique.com\/de\/#website"},"datePublished":"2025-08-12T08:24:46+00:00","dateModified":"2025-08-12T14:15:45+00:00","description":"Palazzo Grassi \u2013 Punta della Dogana Entworfen von Giorgio Massari und zwischen 1748 und 1772 fertiggestellt, war der Palazzo Grassi das letzte gro\u00dfe Geb\u00e4ude am Canal Grande vor dem Untergang der Republik Venedig. palazzograssi.it Gallerie dell\u2019Accademia Im Stadtteil Dorsoduro, am Fu\u00df der Accademia-Br\u00fccke gelegen, befinden sich die Gallerie dell\u2019Accademia im ehemaligen Komplex von Santa Maria della Carit\u00e0, der einst die Kirche, das Kloster der Laterankanoniker und die Scuola Grande umfasste. Gegr\u00fcndet 1817 von der Akademie der Sch\u00f6nen K\u00fcnste, teilten sie sich die R\u00e4umlichkeiten bis 2004. gallerieaccademia.it Peggy Guggenheim Collection Marguerite \u201ePeggy\u201c Guggenheim, US-amerikanische Kunstsammlerin und M\u00e4zenin, Tochter von Benjamin Guggenheim und Nichte von Solomon R","breadcrumb":{"@id":"https:\/\/www.cadellarteboutique.com\/de\/venedig-und-umgebung\/museen\/#breadcrumb"},"inLanguage":"de-DE","potentialAction":[{"@type":"ReadAction","target":["https:\/\/www.cadellarteboutique.com\/de\/venedig-und-umgebung\/museen\/"]}]},{"@type":"BreadcrumbList","@id":"https:\/\/www.cadellarteboutique.com\/de\/venedig-und-umgebung\/museen\/#breadcrumb","itemListElement":[{"@type":"ListItem","position":1,"name":"Home","item":"https:\/\/www.cadellarteboutique.com\/de\/"},{"@type":"ListItem","position":2,"name":"Venedig und Umgebung","item":"https:\/\/www.cadellarteboutique.com\/de\/venezia-e-dintorni\/"},{"@type":"ListItem","position":3,"name":"Museen"}]},{"@type":"WebSite","@id":"https:\/\/www.cadellarteboutique.com\/de\/#website","url":"https:\/\/www.cadellarteboutique.com\/de\/","name":"Ca' Dell'Arte Boutique","description":"","potentialAction":[{"@type":"SearchAction","target":{"@type":"EntryPoint","urlTemplate":"https:\/\/www.cadellarteboutique.com\/de\/?s={search_term_string}"},"query-input":{"@type":"PropertyValueSpecification","valueRequired":true,"valueName":"search_term_string"}}],"inLanguage":"de-DE"}]}},"acf":[],"_links":{"self":[{"href":"https:\/\/www.cadellarteboutique.com\/de\/wp-json\/wp\/v2\/pages\/168","targetHints":{"allow":["GET"]}}],"collection":[{"href":"https:\/\/www.cadellarteboutique.com\/de\/wp-json\/wp\/v2\/pages"}],"about":[{"href":"https:\/\/www.cadellarteboutique.com\/de\/wp-json\/wp\/v2\/types\/page"}],"author":[{"embeddable":true,"href":"https:\/\/www.cadellarteboutique.com\/de\/wp-json\/wp\/v2\/users\/26"}],"replies":[{"embeddable":true,"href":"https:\/\/www.cadellarteboutique.com\/de\/wp-json\/wp\/v2\/comments?post=168"}],"version-history":[{"count":0,"href":"https:\/\/www.cadellarteboutique.com\/de\/wp-json\/wp\/v2\/pages\/168\/revisions"}],"up":[{"embeddable":true,"href":"https:\/\/www.cadellarteboutique.com\/de\/wp-json\/wp\/v2\/pages\/160"}],"wp:attachment":[{"href":"https:\/\/www.cadellarteboutique.com\/de\/wp-json\/wp\/v2\/media?parent=168"}],"curies":[{"name":"wp","href":"https:\/\/api.w.org\/{rel}","templated":true}]}}