{"id":128,"date":"2025-08-12T08:20:10","date_gmt":"2025-08-12T08:20:10","guid":{"rendered":"https:\/\/cadellarteboutique.ms2.decms.eu\/?page_id=128"},"modified":"2025-08-12T13:39:09","modified_gmt":"2025-08-12T13:39:09","slug":"leistungen","status":"publish","type":"page","link":"https:\/\/www.cadellarteboutique.com\/de\/leistungen\/","title":{"rendered":"Leistungen"},"content":{"rendered":"<p><strong>Privattaxi<\/strong><br \/>\nWir bieten unseren Kunden ein privates Wassertaxi mit Abholung vom Flughafen Marco Polo, Bahnhof S. Lucia, Piazzale Roma und dem Hafen.<br \/>\nBitte kontaktieren Sie uns f\u00fcr Preisinformationen!<\/p>\n<p><strong>Bootstouren<\/strong><br \/>\nWir organisieren t\u00e4glich zum Sonnenuntergang, privat oder mit kleinen Gruppen von 8\/9 Personen, Taxitouren, die Ihnen die M\u00f6glichkeit geben, die Sch\u00f6nheit der Stadt auf eine entspannende und exklusive Art und Weise zu bewundern<\/p>\n<p><strong>Fremdenf\u00fchrer<\/strong><br \/>\nWir k\u00f6nnen gef\u00fchrte Touren organisieren, zu Fu\u00df, um die versteckten Orte der Stadt oder die wichtigsten Museen zu entdecken, mit ausgebildeten lokalen F\u00fchrern, die ihre Stadt lieben. Dar\u00fcber hinaus sind Bacaro-Touren und gef\u00fchrte Ausfl\u00fcge zur Insel Murano immer auf Anfrage m\u00f6glich.<\/p>\n<p><strong>Extra Services<\/strong><br \/>\nF\u00fcr besondere Anl\u00e4sse (Geburtstage, Jubil\u00e4en, Flitterwochen) kann das Hotel eine ganze Reihe von Zusatzleistungen organisieren, um Ihren Aufenthalt noch sch\u00f6ner zu gestalten<\/p>\n","protected":false},"excerpt":{"rendered":"<p>Privattaxi Wir bieten unseren Kunden ein privates Wassertaxi mit Abholung vom Flughafen Marco Polo, Bahnhof S. Lucia, Piazzale Roma und dem Hafen. Bitte kontaktieren Sie uns f\u00fcr Preisinformationen! Bootstouren Wir organisieren t\u00e4glich zum Sonnenuntergang, privat oder mit kleinen Gruppen von 8\/9 Personen, Taxitouren, die Ihnen die M\u00f6glichkeit geben, die Sch\u00f6nheit der Stadt auf eine entspannende [&hellip;]<\/p>\n","protected":false},"author":26,"featured_media":0,"parent":0,"menu_order":30,"comment_status":"closed","ping_status":"closed","template":"template-services.php","meta":{"footnotes":""},"class_list":["post-128","page","type-page","status-publish","hentry"],"yoast_head":"<!-- This site is optimized with the Yoast SEO plugin v27.3 - https:\/\/yoast.com\/product\/yoast-seo-wordpress\/ -->\n<title>Leistungen &#8226; Ca&#039; Dell&#039;Arte Boutique &#8226;<\/title>\n<meta name=\"description\" content=\"Privattaxi Wir bieten unseren Kunden ein privates Wassertaxi mit Abholung vom Flughafen Marco Polo, Bahnhof S. Lucia, Piazzale Roma und dem Hafen. Bitte kontaktieren Sie uns f\u00fcr Preisinformationen!  Bootstouren Wir organisieren t\u00e4glich zum Sonnenuntergang, privat oder mit kleinen Gruppen von 8\/9 Personen, Taxitouren, die Ihnen die M\u00f6glichkeit geben, die Sch\u00f6nheit der Stadt auf eine entspannende und exklusive Art und Weise zu bewundern  Fremdenf\u00fchrer Wir k\u00f6nnen gef\u00fchrte Touren organisieren, zu Fu\u00df, um die versteckten Orte der Stadt oder die wichtigsten Museen zu entdecken, mit ausgebildeten lokalen F\u00fchrern, die ihre Stadt lieben\" \/>\n<meta name=\"robots\" content=\"index, follow, max-snippet:-1, max-image-preview:large, max-video-preview:-1\" \/>\n<link rel=\"canonical\" href=\"https:\/\/www.cadellarteboutique.com\/de\/leistungen\/\" \/>\n<meta property=\"og:locale\" content=\"de_DE\" \/>\n<meta property=\"og:type\" content=\"article\" \/>\n<meta property=\"og:title\" content=\"Leistungen &#8226; Ca&#039; Dell&#039;Arte Boutique &#8226;\" \/>\n<meta property=\"og:description\" content=\"Privattaxi Wir bieten unseren Kunden ein privates Wassertaxi mit Abholung vom Flughafen Marco Polo, Bahnhof S. Lucia, Piazzale Roma und dem Hafen. Bitte kontaktieren Sie uns f\u00fcr Preisinformationen!  Bootstouren Wir organisieren t\u00e4glich zum Sonnenuntergang, privat oder mit kleinen Gruppen von 8\/9 Personen, Taxitouren, die Ihnen die M\u00f6glichkeit geben, die Sch\u00f6nheit der Stadt auf eine entspannende und exklusive Art und Weise zu bewundern  Fremdenf\u00fchrer Wir k\u00f6nnen gef\u00fchrte Touren organisieren, zu Fu\u00df, um die versteckten Orte der Stadt oder die wichtigsten Museen zu entdecken, mit ausgebildeten lokalen F\u00fchrern, die ihre Stadt lieben\" \/>\n<meta property=\"og:url\" content=\"https:\/\/www.cadellarteboutique.com\/de\/leistungen\/\" \/>\n<meta property=\"og:site_name\" content=\"Ca&#039; Dell&#039;Arte Boutique\" \/>\n<meta property=\"article:publisher\" content=\"https:\/\/www.facebook.com\/people\/C-dellArte-Collection\/\" \/>\n<meta property=\"article:modified_time\" content=\"2025-08-12T13:39:09+00:00\" \/>\n<meta name=\"twitter:card\" content=\"summary_large_image\" \/>\n<meta name=\"twitter:label1\" content=\"Gesch\u00e4tzte Lesezeit\" \/>\n\t<meta name=\"twitter:data1\" content=\"1 Minute\" \/>\n<script type=\"application\/ld+json\" class=\"yoast-schema-graph\">{\"@context\":\"https:\\\/\\\/schema.org\",\"@graph\":[{\"@type\":\"WebPage\",\"@id\":\"https:\\\/\\\/www.cadellarteboutique.com\\\/de\\\/leistungen\\\/\",\"url\":\"https:\\\/\\\/www.cadellarteboutique.com\\\/de\\\/leistungen\\\/\",\"name\":\"Leistungen &#8226; Ca&#039; Dell&#039;Arte Boutique &#8226;\",\"isPartOf\":{\"@id\":\"https:\\\/\\\/www.cadellarteboutique.com\\\/de\\\/#website\"},\"datePublished\":\"2025-08-12T08:20:10+00:00\",\"dateModified\":\"2025-08-12T13:39:09+00:00\",\"description\":\"Privattaxi Wir bieten unseren Kunden ein privates Wassertaxi mit Abholung vom Flughafen Marco Polo, Bahnhof S. Lucia, Piazzale Roma und dem Hafen. Bitte kontaktieren Sie uns f\u00fcr Preisinformationen! Bootstouren Wir organisieren t\u00e4glich zum Sonnenuntergang, privat oder mit kleinen Gruppen von 8\\\/9 Personen, Taxitouren, die Ihnen die M\u00f6glichkeit geben, die Sch\u00f6nheit der Stadt auf eine entspannende und exklusive Art und Weise zu bewundern Fremdenf\u00fchrer Wir k\u00f6nnen gef\u00fchrte Touren organisieren, zu Fu\u00df, um die versteckten Orte der Stadt oder die wichtigsten Museen zu entdecken, mit ausgebildeten lokalen F\u00fchrern, die ihre Stadt lieben\",\"breadcrumb\":{\"@id\":\"https:\\\/\\\/www.cadellarteboutique.com\\\/de\\\/leistungen\\\/#breadcrumb\"},\"inLanguage\":\"de-DE\",\"potentialAction\":[{\"@type\":\"ReadAction\",\"target\":[\"https:\\\/\\\/www.cadellarteboutique.com\\\/de\\\/leistungen\\\/\"]}]},{\"@type\":\"BreadcrumbList\",\"@id\":\"https:\\\/\\\/www.cadellarteboutique.com\\\/de\\\/leistungen\\\/#breadcrumb\",\"itemListElement\":[{\"@type\":\"ListItem\",\"position\":1,\"name\":\"Home\",\"item\":\"https:\\\/\\\/www.cadellarteboutique.com\\\/de\\\/\"},{\"@type\":\"ListItem\",\"position\":2,\"name\":\"Leistungen\"}]},{\"@type\":\"WebSite\",\"@id\":\"https:\\\/\\\/www.cadellarteboutique.com\\\/de\\\/#website\",\"url\":\"https:\\\/\\\/www.cadellarteboutique.com\\\/de\\\/\",\"name\":\"Ca' Dell'Arte Boutique\",\"description\":\"\",\"potentialAction\":[{\"@type\":\"SearchAction\",\"target\":{\"@type\":\"EntryPoint\",\"urlTemplate\":\"https:\\\/\\\/www.cadellarteboutique.com\\\/de\\\/?s={search_term_string}\"},\"query-input\":{\"@type\":\"PropertyValueSpecification\",\"valueRequired\":true,\"valueName\":\"search_term_string\"}}],\"inLanguage\":\"de-DE\"}]}<\/script>\n<!-- \/ Yoast SEO plugin. -->","yoast_head_json":{"title":"Leistungen &#8226; Ca&#039; Dell&#039;Arte Boutique &#8226;","description":"Privattaxi Wir bieten unseren Kunden ein privates Wassertaxi mit Abholung vom Flughafen Marco Polo, Bahnhof S. Lucia, Piazzale Roma und dem Hafen. Bitte kontaktieren Sie uns f\u00fcr Preisinformationen!  Bootstouren Wir organisieren t\u00e4glich zum Sonnenuntergang, privat oder mit kleinen Gruppen von 8\/9 Personen, Taxitouren, die Ihnen die M\u00f6glichkeit geben, die Sch\u00f6nheit der Stadt auf eine entspannende und exklusive Art und Weise zu bewundern  Fremdenf\u00fchrer Wir k\u00f6nnen gef\u00fchrte Touren organisieren, zu Fu\u00df, um die versteckten Orte der Stadt oder die wichtigsten Museen zu entdecken, mit ausgebildeten lokalen F\u00fchrern, die ihre Stadt lieben","robots":{"index":"index","follow":"follow","max-snippet":"max-snippet:-1","max-image-preview":"max-image-preview:large","max-video-preview":"max-video-preview:-1"},"canonical":"https:\/\/www.cadellarteboutique.com\/de\/leistungen\/","og_locale":"de_DE","og_type":"article","og_title":"Leistungen &#8226; Ca&#039; Dell&#039;Arte Boutique &#8226;","og_description":"Privattaxi Wir bieten unseren Kunden ein privates Wassertaxi mit Abholung vom Flughafen Marco Polo, Bahnhof S. Lucia, Piazzale Roma und dem Hafen. Bitte kontaktieren Sie uns f\u00fcr Preisinformationen!  Bootstouren Wir organisieren t\u00e4glich zum Sonnenuntergang, privat oder mit kleinen Gruppen von 8\/9 Personen, Taxitouren, die Ihnen die M\u00f6glichkeit geben, die Sch\u00f6nheit der Stadt auf eine entspannende und exklusive Art und Weise zu bewundern  Fremdenf\u00fchrer Wir k\u00f6nnen gef\u00fchrte Touren organisieren, zu Fu\u00df, um die versteckten Orte der Stadt oder die wichtigsten Museen zu entdecken, mit ausgebildeten lokalen F\u00fchrern, die ihre Stadt lieben","og_url":"https:\/\/www.cadellarteboutique.com\/de\/leistungen\/","og_site_name":"Ca&#039; Dell&#039;Arte Boutique","article_publisher":"https:\/\/www.facebook.com\/people\/C-dellArte-Collection\/","article_modified_time":"2025-08-12T13:39:09+00:00","twitter_card":"summary_large_image","twitter_misc":{"Gesch\u00e4tzte Lesezeit":"1 Minute"},"schema":{"@context":"https:\/\/schema.org","@graph":[{"@type":"WebPage","@id":"https:\/\/www.cadellarteboutique.com\/de\/leistungen\/","url":"https:\/\/www.cadellarteboutique.com\/de\/leistungen\/","name":"Leistungen &#8226; Ca&#039; Dell&#039;Arte Boutique &#8226;","isPartOf":{"@id":"https:\/\/www.cadellarteboutique.com\/de\/#website"},"datePublished":"2025-08-12T08:20:10+00:00","dateModified":"2025-08-12T13:39:09+00:00","description":"Privattaxi Wir bieten unseren Kunden ein privates Wassertaxi mit Abholung vom Flughafen Marco Polo, Bahnhof S. Lucia, Piazzale Roma und dem Hafen. Bitte kontaktieren Sie uns f\u00fcr Preisinformationen! Bootstouren Wir organisieren t\u00e4glich zum Sonnenuntergang, privat oder mit kleinen Gruppen von 8\/9 Personen, Taxitouren, die Ihnen die M\u00f6glichkeit geben, die Sch\u00f6nheit der Stadt auf eine entspannende und exklusive Art und Weise zu bewundern Fremdenf\u00fchrer Wir k\u00f6nnen gef\u00fchrte Touren organisieren, zu Fu\u00df, um die versteckten Orte der Stadt oder die wichtigsten Museen zu entdecken, mit ausgebildeten lokalen F\u00fchrern, die ihre Stadt lieben","breadcrumb":{"@id":"https:\/\/www.cadellarteboutique.com\/de\/leistungen\/#breadcrumb"},"inLanguage":"de-DE","potentialAction":[{"@type":"ReadAction","target":["https:\/\/www.cadellarteboutique.com\/de\/leistungen\/"]}]},{"@type":"BreadcrumbList","@id":"https:\/\/www.cadellarteboutique.com\/de\/leistungen\/#breadcrumb","itemListElement":[{"@type":"ListItem","position":1,"name":"Home","item":"https:\/\/www.cadellarteboutique.com\/de\/"},{"@type":"ListItem","position":2,"name":"Leistungen"}]},{"@type":"WebSite","@id":"https:\/\/www.cadellarteboutique.com\/de\/#website","url":"https:\/\/www.cadellarteboutique.com\/de\/","name":"Ca' Dell'Arte Boutique","description":"","potentialAction":[{"@type":"SearchAction","target":{"@type":"EntryPoint","urlTemplate":"https:\/\/www.cadellarteboutique.com\/de\/?s={search_term_string}"},"query-input":{"@type":"PropertyValueSpecification","valueRequired":true,"valueName":"search_term_string"}}],"inLanguage":"de-DE"}]}},"acf":[],"_links":{"self":[{"href":"https:\/\/www.cadellarteboutique.com\/de\/wp-json\/wp\/v2\/pages\/128","targetHints":{"allow":["GET"]}}],"collection":[{"href":"https:\/\/www.cadellarteboutique.com\/de\/wp-json\/wp\/v2\/pages"}],"about":[{"href":"https:\/\/www.cadellarteboutique.com\/de\/wp-json\/wp\/v2\/types\/page"}],"author":[{"embeddable":true,"href":"https:\/\/www.cadellarteboutique.com\/de\/wp-json\/wp\/v2\/users\/26"}],"replies":[{"embeddable":true,"href":"https:\/\/www.cadellarteboutique.com\/de\/wp-json\/wp\/v2\/comments?post=128"}],"version-history":[{"count":0,"href":"https:\/\/www.cadellarteboutique.com\/de\/wp-json\/wp\/v2\/pages\/128\/revisions"}],"wp:attachment":[{"href":"https:\/\/www.cadellarteboutique.com\/de\/wp-json\/wp\/v2\/media?parent=128"}],"curies":[{"name":"wp","href":"https:\/\/api.w.org\/{rel}","templated":true}]}}